{"id":4797,"date":"2024-09-20T21:24:10","date_gmt":"2024-09-20T23:24:10","guid":{"rendered":"https:\/\/softbaitsmolds.com\/?post_type=product&#038;p=4797"},"modified":"2025-04-29T22:59:20","modified_gmt":"2025-04-30T00:59:20","slug":"bt-danger-craw","status":"publish","type":"product","link":"https:\/\/softbaitsmolds.com\/es\/bt-danger-craw\/","title":{"rendered":"BT Danger Craw"},"content":{"rendered":"<p><strong><span style=\"color: #000000;\">BT Danger Craw 3&#8243; &#8211; 3,5&#8243; &#8211;\u00a0 4&#8243;<\/span><span style=\"color: #0000ff;\"> (Moldes de 3 cavidades en los 3 tama\u00f1os)\u00a0 <\/span><\/strong><span style=\"color: #000000;\">Cangrejo con altas vibraciones gracias al dise\u00f1o de sus pinzas y escalones en una zona y \u00e1ngulo clave, cangrejo muy efectivo a la ca\u00edda provoca mucha turbulencia, el cuerpo fue completamente modelado y estilizado para darle un aspecto mucho mas realista, su parte alta tiene rugosidad texturizada, se presenta en 3 tama\u00f1os diferentes 3\" - 3,5\" y 4\" perfecto para adaptarlo a diferentes t\u00e9cnicas y lugares de pesca.<\/span><\/p>\n<p><span style=\"color: #800000;\"><strong>3&#8243; (3-cavity Mold)<\/strong><\/span><\/p>\n<p><span style=\"color: #800000;\"><strong>3,5&#8243; (3-cavity Mold)<\/strong><\/span><\/p>\n<p><span style=\"color: #800000;\"><strong>4&#8243; (3-cavity Mold)<\/strong><\/span><\/p>\n<p><img loading=\"lazy\" decoding=\"async\" class=\"alignnone wp-image-4808\" src=\"https:\/\/softbaitsmolds.com\/wp-content\/uploads\/2024\/09\/bait-mold-craw-300x135.jpg\" alt=\"\" width=\"413\" height=\"186\" srcset=\"https:\/\/softbaitsmolds.com\/wp-content\/uploads\/2024\/09\/bait-mold-craw-300x135.jpg 300w, https:\/\/softbaitsmolds.com\/wp-content\/uploads\/2024\/09\/bait-mold-craw-scaled-150x68.jpg 150w, https:\/\/softbaitsmolds.com\/wp-content\/uploads\/2024\/09\/bait-mold-craw-scaled-800x361.jpg 800w, https:\/\/softbaitsmolds.com\/wp-content\/uploads\/2024\/09\/bait-mold-craw-1024x462.jpg 1024w, https:\/\/softbaitsmolds.com\/wp-content\/uploads\/2024\/09\/bait-mold-craw-768x346.jpg 768w, https:\/\/softbaitsmolds.com\/wp-content\/uploads\/2024\/09\/bait-mold-craw-1536x692.jpg 1536w, https:\/\/softbaitsmolds.com\/wp-content\/uploads\/2024\/09\/bait-mold-craw-2048x923.jpg 2048w, https:\/\/softbaitsmolds.com\/wp-content\/uploads\/2024\/09\/bait-mold-craw-18x8.jpg 18w\" sizes=\"auto, (max-width: 413px) 100vw, 413px\" \/><\/p>","protected":false},"excerpt":{"rendered":"<p><strong><span style=\"color: #000000;\">BT Danger Craw 3&#8243; &#8211; 3,5&#8243; &#8211;\u00a0 4&#8243;<\/span><span style=\"color: #0000ff;\"> (Moldes de 3 cavidades en los 3 tama\u00f1os)<\/span><\/strong><\/p>","protected":false},"featured_media":4801,"comment_status":"open","ping_status":"closed","template":"","meta":[],"product_brand":[],"product_cat":[19],"product_tag":[],"class_list":{"0":"post-4797","1":"product","2":"type-product","3":"status-publish","4":"has-post-thumbnail","6":"product_cat-craw","8":"first","9":"instock","10":"taxable","11":"shipping-taxable","12":"purchasable","13":"product-type-variable"},"_links":{"self":[{"href":"https:\/\/softbaitsmolds.com\/es\/wp-json\/wp\/v2\/product\/4797","targetHints":{"allow":["GET"]}}],"collection":[{"href":"https:\/\/softbaitsmolds.com\/es\/wp-json\/wp\/v2\/product"}],"about":[{"href":"https:\/\/softbaitsmolds.com\/es\/wp-json\/wp\/v2\/types\/product"}],"replies":[{"embeddable":true,"href":"https:\/\/softbaitsmolds.com\/es\/wp-json\/wp\/v2\/comments?post=4797"}],"wp:featuredmedia":[{"embeddable":true,"href":"https:\/\/softbaitsmolds.com\/es\/wp-json\/wp\/v2\/media\/4801"}],"wp:attachment":[{"href":"https:\/\/softbaitsmolds.com\/es\/wp-json\/wp\/v2\/media?parent=4797"}],"wp:term":[{"taxonomy":"product_brand","embeddable":true,"href":"https:\/\/softbaitsmolds.com\/es\/wp-json\/wp\/v2\/product_brand?post=4797"},{"taxonomy":"product_cat","embeddable":true,"href":"https:\/\/softbaitsmolds.com\/es\/wp-json\/wp\/v2\/product_cat?post=4797"},{"taxonomy":"product_tag","embeddable":true,"href":"https:\/\/softbaitsmolds.com\/es\/wp-json\/wp\/v2\/product_tag?post=4797"}],"curies":[{"name":"wp","href":"https:\/\/api.w.org\/{rel}","templated":true}]}}