{"id":4194,"date":"2023-07-08T14:38:29","date_gmt":"2023-07-08T16:38:29","guid":{"rendered":"https:\/\/softbaitsmolds.com\/?post_type=product&#038;p=4194"},"modified":"2023-07-26T04:03:20","modified_gmt":"2023-07-26T06:03:20","slug":"bt-stinger-jig-32-3-cavity","status":"publish","type":"product","link":"https:\/\/softbaitsmolds.com\/es\/bt-stinger-jig-32-3-cavity\/","title":{"rendered":"BT Stinger jig 3,2\u2033 (3 Cavidades)"},"content":{"rendered":"<p><span style=\"color: #000000;\"><strong>BT Stinger jig 3,2\u2033 (3 Cavidades) <\/strong><span style=\"color: #3366ff;\">Si necesitas un trailer para jigs con mucho movimiento y altas vibraciones, el jig BT Stinger de 3,2\u2033 es el complemento perfecto. Gracias al dise\u00f1o meticulosamente estudiado y testado de sus pinzas y extensiones, conseguimos un movimiento y una presentaci\u00f3n \u00f3ptima para enga\u00f1ar a los peces m\u00e1s complicados del lugar de pesca, modelo con alto nivel de detalles.<\/span><\/span><\/p>\n<p>&nbsp;<\/p>\n<p><span class=\"a-list-item\" style=\"color: #000000;\"><strong>\u2713<\/strong> <strong>INYECCI\u00d3N: Est\u00e1ndar 5\/8\u2033. Este tama\u00f1o no asegura la compatibilidad con la mayor\u00eda de los inyectores.<\/strong><\/span><\/p>\n<p><strong><span class=\"a-list-item\" style=\"color: #000000;\">\u2713 Dise\u00f1o SMART AIR VENTS para liberar aire y asegurarse de que el pl\u00e1stico suave llene todos los detalles del molde.<\/span><\/strong><\/p>\n<p><strong><span class=\"a-list-item\" style=\"color: #000000;\">\u2713 NO REQUIEREN LUBRICACI\u00d3N.<\/span><\/strong><\/p>\n<p><strong><span class=\"a-list-item\" style=\"color: #000000;\">\u2713 MATERIAL DEL MOLDE: Alumold Serie 7000.<\/span><\/strong><\/p>\n<p><strong><span class=\"a-list-item\" style=\"color: #000000;\">\u2713 DISE\u00d1O DE CEBO DETALLADO.<\/span><\/strong><\/p>\n<p><strong><span class=\"a-list-item\" style=\"color: #000000;\">\u2713 EMBALAJE PREMIUM.<\/span><\/strong><\/p>\n<p><span class=\"a-list-item\" style=\"color: #000000;\"><strong>\u2713<\/strong> <strong>100 VECES m\u00e1s resistente que un molde de piedra y mejores acabados.<\/strong><\/span><\/p>\n<p><span class=\"a-list-item\" style=\"color: #000000;\"><strong>\u2713 Probamos todos nuestros moldes antes de enviarlos para que no tenga que preocuparse por nada.<\/strong><\/span><\/p>","protected":false},"excerpt":{"rendered":"<p><span style=\"color: #000000;\"><strong>BT Stinger jig 3,2\u2033 (3 Cavidades)<\/strong><\/span><\/p>","protected":false},"featured_media":4196,"comment_status":"open","ping_status":"closed","template":"","meta":[],"product_brand":[],"product_cat":[19],"product_tag":[],"class_list":{"0":"post-4194","1":"product","2":"type-product","3":"status-publish","4":"has-post-thumbnail","6":"product_cat-craw","8":"first","9":"instock","10":"taxable","11":"shipping-taxable","12":"purchasable","13":"product-type-simple"},"_links":{"self":[{"href":"https:\/\/softbaitsmolds.com\/es\/wp-json\/wp\/v2\/product\/4194","targetHints":{"allow":["GET"]}}],"collection":[{"href":"https:\/\/softbaitsmolds.com\/es\/wp-json\/wp\/v2\/product"}],"about":[{"href":"https:\/\/softbaitsmolds.com\/es\/wp-json\/wp\/v2\/types\/product"}],"replies":[{"embeddable":true,"href":"https:\/\/softbaitsmolds.com\/es\/wp-json\/wp\/v2\/comments?post=4194"}],"wp:featuredmedia":[{"embeddable":true,"href":"https:\/\/softbaitsmolds.com\/es\/wp-json\/wp\/v2\/media\/4196"}],"wp:attachment":[{"href":"https:\/\/softbaitsmolds.com\/es\/wp-json\/wp\/v2\/media?parent=4194"}],"wp:term":[{"taxonomy":"product_brand","embeddable":true,"href":"https:\/\/softbaitsmolds.com\/es\/wp-json\/wp\/v2\/product_brand?post=4194"},{"taxonomy":"product_cat","embeddable":true,"href":"https:\/\/softbaitsmolds.com\/es\/wp-json\/wp\/v2\/product_cat?post=4194"},{"taxonomy":"product_tag","embeddable":true,"href":"https:\/\/softbaitsmolds.com\/es\/wp-json\/wp\/v2\/product_tag?post=4194"}],"curies":[{"name":"wp","href":"https:\/\/api.w.org\/{rel}","templated":true}]}}