{"id":3631,"date":"2023-05-22T20:56:12","date_gmt":"2023-05-22T22:56:12","guid":{"rendered":"https:\/\/softbaitsmolds.com\/?post_type=product&#038;p=3631"},"modified":"2026-02-23T23:29:16","modified_gmt":"2026-02-24T01:29:16","slug":"plasti-tech","status":"publish","type":"product","link":"https:\/\/softbaitsmolds.com\/es\/plasti-tech\/","title":{"rendered":"PLASTI-TECH PlASTISOL"},"content":{"rendered":"<p><span style=\"color: #3366ff;\">Plastisol Premium para la fabricaci\u00f3n de nuestros vinilos de pesca.<\/span><\/p>\n<p><span style=\"color: #3366ff;\">F\u00f3rmula premium para la fabricaci\u00f3n de se\u00f1uelos de pesca, disponemos de 3 tipos de dureza para diferentes se\u00f1uelos de pesca Blando-Medio-Duro, se pueden mezclar entre s\u00ed para conseguir una dureza intermedia, tambi\u00e9n podemos a\u00f1adir suavizantes o endurecedores para jugar a\u00fan m\u00e1s con la densidad y propiedades del plastisol y obt\u00e9n nuestra dureza favorita para cada vinilo de pesca.<\/span><\/p>\n<p><span style=\"color: #3366ff;\">Nuestro plastisol no genera malos olores, se puede recalentar varias veces sin perder sus propiedades y no amarillea f\u00e1cilmente despu\u00e9s de ser recalentado, tiene a\u00f1adidos estabilizadores de temperatura que le ayudan a mantener propiedades \u00f3ptimas por m\u00e1s tiempo, es v\u00e1lido tanto para inyecci\u00f3n manual, y en  inyecci\u00f3n con m\u00e1quinas inyectoras, tambi\u00e9n se pueden realizar coladas de alta calidad en moldes de vertido, no contiene \u00e1cido ft\u00e1lico ni benzodicarbox\u00edlico.<\/span><\/p>\n<p><span style=\"color: #3366ff;\">Agitar muy lentamente para que no genere burbujas y calentar en intervalos de 30 segundos si se calienta en el microondas.<\/span><\/p>\n<p>&nbsp;<\/p>\n<p>&nbsp;<\/p>\n<p>&nbsp;<\/p>","protected":false},"excerpt":{"rendered":"<p class=\"translation-block\"><span style=\"color: #3366ff\"><strong>Pl\u00e1stico de primera calidad para la fabricaci\u00f3n de nuestros vinilos de pesca, con estabilizador de temperatura incorporado <span style=\"color: #800000\">(no es necesario a\u00f1adir estabilizadores)<\/span>, no amarillea al usarlo y conserva muy bien sus propiedades al reutilizarlo.<\/strong><\/span><\/p>\n<p><span style=\"color: #808000;\"><strong>Densidades especialmente dise\u00f1adas por nosotros.<\/strong><\/span><\/p>\n<p>&nbsp;<\/p>\n<p>&nbsp;<\/p>\n<p>&nbsp;<\/p>\n<h3><\/h3>","protected":false},"featured_media":3647,"comment_status":"open","ping_status":"closed","template":"","meta":[],"product_brand":[],"product_cat":[117],"product_tag":[],"class_list":{"0":"post-3631","1":"product","2":"type-product","3":"status-publish","4":"has-post-thumbnail","6":"product_cat-plastisol-y-aditivos","8":"first","9":"instock","10":"taxable","11":"shipping-taxable","12":"purchasable","13":"product-type-variable"},"_links":{"self":[{"href":"https:\/\/softbaitsmolds.com\/es\/wp-json\/wp\/v2\/product\/3631","targetHints":{"allow":["GET"]}}],"collection":[{"href":"https:\/\/softbaitsmolds.com\/es\/wp-json\/wp\/v2\/product"}],"about":[{"href":"https:\/\/softbaitsmolds.com\/es\/wp-json\/wp\/v2\/types\/product"}],"replies":[{"embeddable":true,"href":"https:\/\/softbaitsmolds.com\/es\/wp-json\/wp\/v2\/comments?post=3631"}],"wp:featuredmedia":[{"embeddable":true,"href":"https:\/\/softbaitsmolds.com\/es\/wp-json\/wp\/v2\/media\/3647"}],"wp:attachment":[{"href":"https:\/\/softbaitsmolds.com\/es\/wp-json\/wp\/v2\/media?parent=3631"}],"wp:term":[{"taxonomy":"product_brand","embeddable":true,"href":"https:\/\/softbaitsmolds.com\/es\/wp-json\/wp\/v2\/product_brand?post=3631"},{"taxonomy":"product_cat","embeddable":true,"href":"https:\/\/softbaitsmolds.com\/es\/wp-json\/wp\/v2\/product_cat?post=3631"},{"taxonomy":"product_tag","embeddable":true,"href":"https:\/\/softbaitsmolds.com\/es\/wp-json\/wp\/v2\/product_tag?post=3631"}],"curies":[{"name":"wp","href":"https:\/\/api.w.org\/{rel}","templated":true}]}}