{"id":2595,"date":"2022-09-26T18:51:28","date_gmt":"2022-09-26T20:51:28","guid":{"rendered":"https:\/\/softbaitsmolds.com\/?post_type=product&#038;p=2595"},"modified":"2023-06-17T18:25:01","modified_gmt":"2023-06-17T20:25:01","slug":"bt-swift-craw-38","status":"publish","type":"product","link":"https:\/\/softbaitsmolds.com\/es\/bt-swift-craw-38\/","title":{"rendered":"BT NEMESIS CRAW 3,8&#8243; (3 Cavidades)"},"content":{"rendered":"<p class=\"translation-block\"><span style=\"color: #3366ff\"><strong>BT NEMESIS CRAW 3.8\u2033 (Molde 3 Cavidades)<\/strong> Cangrejo con vibraciones intermedias gracias al dise\u00f1o de sus pinzas, la pesca en ca\u00edda es una de sus puntos fuertes, gracias al bamboleo de sus pinzas podremos llamar la atenci\u00f3n de nuestro querido black bass, admite infinidad de montajes como jig trailer, texas\u2026<\/span><\/p>\n<p><img loading=\"lazy\" decoding=\"async\" class=\"wp-image-3473\" src=\"https:\/\/softbaitsmolds.com\/wp-content\/uploads\/2022\/09\/AnyConv.com__Imagen-de-WhatsApp-2023-01-17-a-las-18.56.48-Personalizado-300x200.webp\" alt=\"nemesis craw mold\" width=\"386\" height=\"257\" srcset=\"https:\/\/softbaitsmolds.com\/wp-content\/uploads\/2022\/09\/AnyConv.com__Imagen-de-WhatsApp-2023-01-17-a-las-18.56.48-Personalizado-300x200.webp 300w, https:\/\/softbaitsmolds.com\/wp-content\/uploads\/2022\/09\/AnyConv.com__Imagen-de-WhatsApp-2023-01-17-a-las-18.56.48-Personalizado-150x100.webp 150w, https:\/\/softbaitsmolds.com\/wp-content\/uploads\/2022\/09\/AnyConv.com__Imagen-de-WhatsApp-2023-01-17-a-las-18.56.48-Personalizado-600x400.webp 600w, https:\/\/softbaitsmolds.com\/wp-content\/uploads\/2022\/09\/AnyConv.com__Imagen-de-WhatsApp-2023-01-17-a-las-18.56.48-Personalizado-768x512.webp 768w, https:\/\/softbaitsmolds.com\/wp-content\/uploads\/2022\/09\/AnyConv.com__Imagen-de-WhatsApp-2023-01-17-a-las-18.56.48-Personalizado-18x12.webp 18w, https:\/\/softbaitsmolds.com\/wp-content\/uploads\/2022\/09\/AnyConv.com__Imagen-de-WhatsApp-2023-01-17-a-las-18.56.48-Personalizado.webp 800w\" sizes=\"auto, (max-width: 386px) 100vw, 386px\" \/><\/p>\n<p><span style=\"color: #3366ff;\">Haz tus propios stick baits de pesca, dales el color, el olor, el sabor y la consistencia que quieras para que se adapten a tu escenario de pesca favorito, y disfruta pescando con tus propios palos hechos por ti mismo.<\/span><\/p>\n<p><span style=\"color: #3366ff;\">Nuestros moldes de cangrejo de vinilo est\u00e1n mecanizados con aleaciones de aluminio de la m\u00e1s alta calidad para lograr acabados brillantes incluso en los detalles m\u00e1s peque\u00f1os.<\/span><\/p>\n<p><span style=\"color: #3366ff;\">Todos nuestros moldes de cangrejo cuentan con un sistema de expulsi\u00f3n de aire para que el vinilo quede completamente acabado y libre de burbujas de aire en su interior, con sujetadores de M\u00e9trica 6 para una correcta presi\u00f3n al momento de inyectar el plastisol.<\/span><\/p>\n<p><span style=\"color: #3366ff;\">Las boquillas de inyecci\u00f3n est\u00e1n dise\u00f1adas para todo tipo de inyectoras del mercado, tanto europeas como americanas, ya que este tipo de inyector tiene una medida estandarizada.<\/span><\/p>","protected":false},"excerpt":{"rendered":"<p class=\"translation-block\"><strong>BT NEMESIS CRAW 3.8\u2033 (Molde de 3 Cavidades)<\/strong> \u2013 Gracias al bamboleo de intensidad moderada podremos llamar la atenci\u00f3n de nuestro querido black bass, perfecto cuando el bass quiere algo con vibraciones intermedias.<\/p>","protected":false},"featured_media":2597,"comment_status":"open","ping_status":"closed","template":"","meta":[],"product_brand":[],"product_cat":[19],"product_tag":[],"class_list":{"0":"post-2595","1":"product","2":"type-product","3":"status-publish","4":"has-post-thumbnail","6":"product_cat-craw","8":"first","9":"instock","10":"taxable","11":"shipping-taxable","12":"purchasable","13":"product-type-simple"},"_links":{"self":[{"href":"https:\/\/softbaitsmolds.com\/es\/wp-json\/wp\/v2\/product\/2595","targetHints":{"allow":["GET"]}}],"collection":[{"href":"https:\/\/softbaitsmolds.com\/es\/wp-json\/wp\/v2\/product"}],"about":[{"href":"https:\/\/softbaitsmolds.com\/es\/wp-json\/wp\/v2\/types\/product"}],"replies":[{"embeddable":true,"href":"https:\/\/softbaitsmolds.com\/es\/wp-json\/wp\/v2\/comments?post=2595"}],"wp:featuredmedia":[{"embeddable":true,"href":"https:\/\/softbaitsmolds.com\/es\/wp-json\/wp\/v2\/media\/2597"}],"wp:attachment":[{"href":"https:\/\/softbaitsmolds.com\/es\/wp-json\/wp\/v2\/media?parent=2595"}],"wp:term":[{"taxonomy":"product_brand","embeddable":true,"href":"https:\/\/softbaitsmolds.com\/es\/wp-json\/wp\/v2\/product_brand?post=2595"},{"taxonomy":"product_cat","embeddable":true,"href":"https:\/\/softbaitsmolds.com\/es\/wp-json\/wp\/v2\/product_cat?post=2595"},{"taxonomy":"product_tag","embeddable":true,"href":"https:\/\/softbaitsmolds.com\/es\/wp-json\/wp\/v2\/product_tag?post=2595"}],"curies":[{"name":"wp","href":"https:\/\/api.w.org\/{rel}","templated":true}]}}