{"id":2588,"date":"2022-09-23T17:13:32","date_gmt":"2022-09-23T19:13:32","guid":{"rendered":"https:\/\/softbaitsmolds.com\/?post_type=product&#038;p=2588"},"modified":"2023-06-14T18:42:16","modified_gmt":"2023-06-14T20:42:16","slug":"bt-rockminow-2-24-cavidades","status":"publish","type":"product","link":"https:\/\/softbaitsmolds.com\/es\/bt-rockminow-2-24-cavidades\/","title":{"rendered":"BT ROCKMINNOW 2&#8243; (24 CAVIDADES)"},"content":{"rendered":"<p class=\"translation-block\"><span style=\"color: #3366ff\"><strong>BT ROCKMINNOW: 2\u2033<\/strong> de largo desde la punta hasta la cola y la parte m\u00e1s gruesa del cuerpo mide 0,36\u2033 de alto y 25\u2033 de ancho. Tiene la forma de un pez beb\u00e9 de barriga profunda con una cola larga y delgada dise\u00f1ada espec\u00edficamente para la t\u00e9cnica RockFhising. El molde funciona con una amplia variedad de durezas de plastisol.<\/span><\/p>\n<p><span style=\"color: #3366ff;\">Haz tus propios vinilos para rockfishing, dales el color, olor, sabor y consistencia que quieras para adaptarlo a tu escenario de pesca favorito, y disfruta pescando con tus propios vinilos hechos por ti mismo.<\/span><\/p>\n<p class=\"translation-block\"><span style=\"color: #3366ff\">Nuestros <strong>moldes BT ROCKMINNOW \u2013 2\u2033<\/strong>, est\u00e1n mecanizados en aleaciones de aluminio de la m\u00e1s alta calidad para lograr acabados brillantes hasta en los m\u00e1s m\u00ednimos detalles.<\/span><\/p>\n<p><span style=\"color: #3366ff;\">Todos nuestros moldes RockFishing cuentan con sistema de expulsi\u00f3n de aire para que el vinilo quede completamente acabado y libre de burbujas de aire en su interior, con torniller\u00eda de M\u00e9trica 6 para una correcta presi\u00f3n a la hora de inyectar el plastisol.<\/span><\/p>\n<p><span style=\"color: #3366ff;\">Las boquillas de inyecci\u00f3n est\u00e1n dise\u00f1adas para todo tipo de inyectoras del mercado, tanto europeas como americanas, ya que este tipo de inyector tiene una medida estandarizada.<\/span><\/p>\n<p>&nbsp;<\/p>\n<p>&nbsp;<\/p>","protected":false},"excerpt":{"rendered":"<p class=\"translation-block\"><strong>BT ROCKMINNOW 2\u2033<\/strong> \u2013 (Molde de 24 cavidades), tiene la forma de un pez beb\u00e9 de barriga profunda con una cola larga y delgada dise\u00f1ada espec\u00edficamente para la t\u00e9cnica RockFhising.<\/p>","protected":false},"featured_media":2589,"comment_status":"open","ping_status":"closed","template":"","meta":[],"product_brand":[],"product_cat":[32,21],"product_tag":[],"class_list":{"0":"post-2588","1":"product","2":"type-product","3":"status-publish","4":"has-post-thumbnail","6":"product_cat-saltwater","7":"product_cat-finesse","9":"first","10":"instock","11":"taxable","12":"shipping-taxable","13":"purchasable","14":"product-type-simple"},"_links":{"self":[{"href":"https:\/\/softbaitsmolds.com\/es\/wp-json\/wp\/v2\/product\/2588","targetHints":{"allow":["GET"]}}],"collection":[{"href":"https:\/\/softbaitsmolds.com\/es\/wp-json\/wp\/v2\/product"}],"about":[{"href":"https:\/\/softbaitsmolds.com\/es\/wp-json\/wp\/v2\/types\/product"}],"replies":[{"embeddable":true,"href":"https:\/\/softbaitsmolds.com\/es\/wp-json\/wp\/v2\/comments?post=2588"}],"wp:featuredmedia":[{"embeddable":true,"href":"https:\/\/softbaitsmolds.com\/es\/wp-json\/wp\/v2\/media\/2589"}],"wp:attachment":[{"href":"https:\/\/softbaitsmolds.com\/es\/wp-json\/wp\/v2\/media?parent=2588"}],"wp:term":[{"taxonomy":"product_brand","embeddable":true,"href":"https:\/\/softbaitsmolds.com\/es\/wp-json\/wp\/v2\/product_brand?post=2588"},{"taxonomy":"product_cat","embeddable":true,"href":"https:\/\/softbaitsmolds.com\/es\/wp-json\/wp\/v2\/product_cat?post=2588"},{"taxonomy":"product_tag","embeddable":true,"href":"https:\/\/softbaitsmolds.com\/es\/wp-json\/wp\/v2\/product_tag?post=2588"}],"curies":[{"name":"wp","href":"https:\/\/api.w.org\/{rel}","templated":true}]}}