{"id":2159,"date":"2022-06-12T18:47:15","date_gmt":"2022-06-12T20:47:15","guid":{"rendered":"https:\/\/softbaitsmolds.com\/?post_type=product&#038;p=2159"},"modified":"2023-06-14T18:44:57","modified_gmt":"2023-06-14T20:44:57","slug":"bt-flipping-jig-6-cavidades","status":"publish","type":"product","link":"https:\/\/softbaitsmolds.com\/es\/bt-flipping-jig-6-cavidades\/","title":{"rendered":"BT Flipping Jig ( 6 cavidades)"},"content":{"rendered":"<p class=\"translation-block\"><span style=\"color: #3366ff\"><strong>Jig para voltear BT 1\/4-3\/8-1\/2 \u2013 Molde de 6 cavidades \u2013<\/strong> para hacer tus propias plantillas para voltear\u2026<\/span><\/p>\n<p><strong><span style=\"color: #3366ff;\">Accesorios de montaje par el molde recomendados.<\/span><\/strong><\/p>\n<ol>\n<li>\n<h4><a href=\"https:\/\/www.lurepartsonline.com\/Wire-Keeper\" target=\"_blank\" rel=\"noopener\">5677 Wire Keeper<\/a><\/h4>\n<\/li>\n<li class=\"product-details-full-content-header-title\">\n<h4><a href=\"https:\/\/www.lurepartsonline.com\/Mustad-32786-60-Flipping-Hooks-Black-Nickel?quantity=1&amp;custcol15=28\" target=\"_blank\" rel=\"noopener\">Mustad 32786 60\u00ba<\/a><\/h4>\n<\/li>\n<li class=\"product-details-full-content-header-title\">\n<h4><a href=\"https:\/\/www.lurepartsonline.com\/Fiber-Guards?quantity=1&amp;custcol11=380&amp;custcol17=25\" target=\"_blank\" rel=\"noopener\">Fiber Guards FG30<\/a><\/h4>\n<\/li>\n<\/ol>\n<p><span style=\"color: #3366ff;\">Haz tus propios Flipping Jig para pescar, dale combinaciones de faldas en tus colores m\u00e1s pesqueros y acomp\u00e1\u00f1alo de tu remolque favorito, y disfruta pescando con tus propios jigs de plomo hechos por ti mismo en cuesti\u00f3n de minutos.<\/span><\/p>\n<p><span style=\"color: #3366ff;\">Nuestros moldes para jigs de flipping est\u00e1n mecanizados con aleaciones de aluminio de la m\u00e1s alta calidad para lograr acabados brillantes incluso en los detalles m\u00e1s peque\u00f1os.<\/span><\/p>\n<p><span style=\"color: #3366ff;\">Todos nuestros moldes de Flipping Jig cuentan con un apriete de m\u00e9trica 6 para una correcta presi\u00f3n en los accesorios de montaje y pines del jig para que encaje perfectamente al colar el plomo en el molde.<\/span><\/p>","protected":false},"excerpt":{"rendered":"<p>BT Flipping Jig 1\/4-3\/8-1\/2 \u2013 Molde de 6 Cavidades para la fabricaci\u00f3n de jigs para flipping\u2026<\/p>","protected":false},"featured_media":2160,"comment_status":"open","ping_status":"closed","template":"","meta":[],"product_brand":[],"product_cat":[29],"product_tag":[],"class_list":{"0":"post-2159","1":"product","2":"type-product","3":"status-publish","4":"has-post-thumbnail","6":"product_cat-jigs","8":"first","9":"instock","10":"taxable","11":"shipping-taxable","12":"purchasable","13":"product-type-simple"},"_links":{"self":[{"href":"https:\/\/softbaitsmolds.com\/es\/wp-json\/wp\/v2\/product\/2159","targetHints":{"allow":["GET"]}}],"collection":[{"href":"https:\/\/softbaitsmolds.com\/es\/wp-json\/wp\/v2\/product"}],"about":[{"href":"https:\/\/softbaitsmolds.com\/es\/wp-json\/wp\/v2\/types\/product"}],"replies":[{"embeddable":true,"href":"https:\/\/softbaitsmolds.com\/es\/wp-json\/wp\/v2\/comments?post=2159"}],"wp:featuredmedia":[{"embeddable":true,"href":"https:\/\/softbaitsmolds.com\/es\/wp-json\/wp\/v2\/media\/2160"}],"wp:attachment":[{"href":"https:\/\/softbaitsmolds.com\/es\/wp-json\/wp\/v2\/media?parent=2159"}],"wp:term":[{"taxonomy":"product_brand","embeddable":true,"href":"https:\/\/softbaitsmolds.com\/es\/wp-json\/wp\/v2\/product_brand?post=2159"},{"taxonomy":"product_cat","embeddable":true,"href":"https:\/\/softbaitsmolds.com\/es\/wp-json\/wp\/v2\/product_cat?post=2159"},{"taxonomy":"product_tag","embeddable":true,"href":"https:\/\/softbaitsmolds.com\/es\/wp-json\/wp\/v2\/product_tag?post=2159"}],"curies":[{"name":"wp","href":"https:\/\/api.w.org\/{rel}","templated":true}]}}