{"id":1752,"date":"2022-01-02T20:52:07","date_gmt":"2022-01-02T22:52:07","guid":{"rendered":"https:\/\/softbaitsmolds.com\/?post_type=product&#038;p=1752"},"modified":"2023-06-14T19:10:04","modified_gmt":"2023-06-14T21:10:04","slug":"bt-drop-slow-jigging-2","status":"publish","type":"product","link":"https:\/\/softbaitsmolds.com\/es\/bt-drop-slow-jigging-2\/","title":{"rendered":"BT Drop Slow Jigging 10GR-200GR"},"content":{"rendered":"<p class=\"translation-block\"><span style=\"color: #3366ff\"><strong>BT Drop Slow Jigging<\/strong> \u2013 Se\u00f1uelo para la t\u00e9cnica de slow jigging, dise\u00f1o no asim\u00e9trico de perfil medio, este tipo de dise\u00f1o provoca un aspecto mucho m\u00e1s atractivo y ca\u00edda err\u00e1tica en los ojos de los depredadores.<\/span><\/p>\n<p><span style=\"color: #3366ff;\">Gracias a poder hacer tus propios jigs, podr\u00e1s darle el color y la holograf\u00eda que quieras, y poder adaptarlo a cada situaci\u00f3n de pesca.<\/span><\/p>\n<p><span style=\"color: #3366ff;\">Moldes para slow jigging son mecanizados en aleaciones de aluminio de la m\u00e1s alta calidad para conseguir acabados brillantes hasta en los m\u00e1s m\u00ednimos detalles.<\/span><\/p>\n<p><span style=\"color: #3366ff;\">Todos nuestros moldes de slow jigging tienen un apriete de m\u00e9trica 6 para una correcta presi\u00f3n.<\/span><\/p>","protected":false},"excerpt":{"rendered":"<p class=\"translation-block\"><span style=\"color: #3366ff\"><strong>BT Drop Slow Jigging<\/strong>: se\u00f1uelo para la t\u00e9cnica de slow jigging.<\/span><\/p>","protected":false},"featured_media":1749,"comment_status":"open","ping_status":"closed","template":"","meta":[],"product_brand":[],"product_cat":[32],"product_tag":[],"class_list":{"0":"post-1752","1":"product","2":"type-product","3":"status-publish","4":"has-post-thumbnail","6":"product_cat-saltwater","7":"pa_cavidades-35","9":"first","10":"instock","11":"taxable","12":"shipping-taxable","13":"purchasable","14":"product-type-variable"},"_links":{"self":[{"href":"https:\/\/softbaitsmolds.com\/es\/wp-json\/wp\/v2\/product\/1752","targetHints":{"allow":["GET"]}}],"collection":[{"href":"https:\/\/softbaitsmolds.com\/es\/wp-json\/wp\/v2\/product"}],"about":[{"href":"https:\/\/softbaitsmolds.com\/es\/wp-json\/wp\/v2\/types\/product"}],"replies":[{"embeddable":true,"href":"https:\/\/softbaitsmolds.com\/es\/wp-json\/wp\/v2\/comments?post=1752"}],"wp:featuredmedia":[{"embeddable":true,"href":"https:\/\/softbaitsmolds.com\/es\/wp-json\/wp\/v2\/media\/1749"}],"wp:attachment":[{"href":"https:\/\/softbaitsmolds.com\/es\/wp-json\/wp\/v2\/media?parent=1752"}],"wp:term":[{"taxonomy":"product_brand","embeddable":true,"href":"https:\/\/softbaitsmolds.com\/es\/wp-json\/wp\/v2\/product_brand?post=1752"},{"taxonomy":"product_cat","embeddable":true,"href":"https:\/\/softbaitsmolds.com\/es\/wp-json\/wp\/v2\/product_cat?post=1752"},{"taxonomy":"product_tag","embeddable":true,"href":"https:\/\/softbaitsmolds.com\/es\/wp-json\/wp\/v2\/product_tag?post=1752"}],"curies":[{"name":"wp","href":"https:\/\/api.w.org\/{rel}","templated":true}]}}