{"id":1643,"date":"2021-12-26T10:57:58","date_gmt":"2021-12-26T12:57:58","guid":{"rendered":"https:\/\/softbaitsmolds.com\/?post_type=product&#038;p=1643"},"modified":"2023-09-04T13:16:22","modified_gmt":"2023-09-04T15:16:22","slug":"ned-rig","status":"publish","type":"product","link":"https:\/\/softbaitsmolds.com\/es\/ned-rig\/","title":{"rendered":"BT Ned Rig Core Shot 3&#8243; (6 Cavidades)"},"content":{"rendered":"<p class=\"translation-block\"><span style=\"color: #3366ff\"><strong>Mini stick BT Ned Rig 3\u2033 (molde de 6 cavidades) \u2013<\/strong> perfecto para ir acompa\u00f1ado de una cabeza plomada Ned Rig, ideal para escenarios de pesca de alta presi\u00f3n. <\/span><\/p>\n<p><span style=\"color: #3366ff;\">Podemos dotar a este modelo de doble densidad gracias al sistema Core Shot, o ponerle una vena central en colores vivos para darle un atractivo diferente a los ojos de los peces.<\/span><\/p>\n<p><span style=\"color: #3366ff;\">Haz tus propios stick baits de pesca, dales el color, el olor, el sabor y la consistencia que quieras para que se adapten a tu escenario de pesca favorito, y disfruta pescando con tus propios palos hechos por ti mismo.<\/span><\/p>\n<p><span style=\"color: #3366ff;\">Nuestros moldes de stick baits est\u00e1n mecanizados en aleaciones de aluminio de la m\u00e1s alta calidad para lograr acabados brillantes hasta en los m\u00e1s m\u00ednimos detalles.<\/span><\/p>\n<p><span style=\"color: #3366ff;\">Todos nuestros moldes de stick cuentan con sistema de expulsi\u00f3n de aire para que el vinilo quede completamente acabado y libre de burbujas de aire en su interior, con torniller\u00eda de M\u00e9trica 6 para una correcta presi\u00f3n a la hora de inyectar el plastisol.<\/span><\/p>\n<p><span style=\"color: #3366ff;\">Las boquillas de inyecci\u00f3n est\u00e1n dise\u00f1adas para todo tipo de inyectoras del mercado, tanto europeas como americanas, ya que este tipo de inyector tiene una medida estandarizada.<\/span><\/p>","protected":false},"excerpt":{"rendered":"<p class=\"translation-block\"><span style=\"color: #3366ff\"><strong>Mini stick BT Ned Rig 3\u2033 (molde de 6 cavidades) \u2013<\/strong> perfecto para ir acompa\u00f1ado de una cabeza plomada Ned Rig, ideal para escenarios de pesca de alta presi\u00f3n. <\/span><\/p>","protected":false},"featured_media":4260,"comment_status":"open","ping_status":"closed","template":"","meta":[],"product_brand":[],"product_cat":[21,22],"product_tag":[],"class_list":{"0":"post-1643","1":"product","2":"type-product","3":"status-publish","4":"has-post-thumbnail","6":"product_cat-finesse","7":"product_cat-worm","9":"first","10":"instock","11":"taxable","12":"shipping-taxable","13":"purchasable","14":"product-type-simple"},"_links":{"self":[{"href":"https:\/\/softbaitsmolds.com\/es\/wp-json\/wp\/v2\/product\/1643","targetHints":{"allow":["GET"]}}],"collection":[{"href":"https:\/\/softbaitsmolds.com\/es\/wp-json\/wp\/v2\/product"}],"about":[{"href":"https:\/\/softbaitsmolds.com\/es\/wp-json\/wp\/v2\/types\/product"}],"replies":[{"embeddable":true,"href":"https:\/\/softbaitsmolds.com\/es\/wp-json\/wp\/v2\/comments?post=1643"}],"wp:featuredmedia":[{"embeddable":true,"href":"https:\/\/softbaitsmolds.com\/es\/wp-json\/wp\/v2\/media\/4260"}],"wp:attachment":[{"href":"https:\/\/softbaitsmolds.com\/es\/wp-json\/wp\/v2\/media?parent=1643"}],"wp:term":[{"taxonomy":"product_brand","embeddable":true,"href":"https:\/\/softbaitsmolds.com\/es\/wp-json\/wp\/v2\/product_brand?post=1643"},{"taxonomy":"product_cat","embeddable":true,"href":"https:\/\/softbaitsmolds.com\/es\/wp-json\/wp\/v2\/product_cat?post=1643"},{"taxonomy":"product_tag","embeddable":true,"href":"https:\/\/softbaitsmolds.com\/es\/wp-json\/wp\/v2\/product_tag?post=1643"}],"curies":[{"name":"wp","href":"https:\/\/api.w.org\/{rel}","templated":true}]}}