{"id":1492,"date":"2021-12-18T21:22:42","date_gmt":"2021-12-18T23:22:42","guid":{"rendered":"https:\/\/softbaitsmolds.com\/?post_type=product&#038;p=1492"},"modified":"2023-06-14T19:33:09","modified_gmt":"2023-06-14T21:33:09","slug":"stick-bait-sticky5","status":"publish","type":"product","link":"https:\/\/softbaitsmolds.com\/es\/stick-bait-sticky5\/","title":{"rendered":"BT Sticky 5&#8243; (4 Cavidades)"},"content":{"rendered":"<p class=\"translation-block\"><span style=\"color: #000000\"><strong>BT Sticky 5\u2033 \u2013 (4 Cavidades)<\/strong> \u2013 Molde para hacer tus propios stick baits.<\/span><\/p>\n<p><span style=\"color: #3366ff;\">Haz tus propios stick baits de pesca, dales el color, el olor, el sabor y la consistencia que quieras para que se adapten a tu escenario de pesca favorito, y disfruta pescando con tus propios palos hechos por ti mismo.<\/span><\/p>\n<p><span style=\"color: #3366ff;\">Nuestros moldes de cebo de palo de vinilo est\u00e1n mecanizados con aleaciones de aluminio de la m\u00e1s alta calidad para lograr acabados brillantes incluso en los detalles m\u00e1s peque\u00f1os.<\/span><\/p>\n<p><span style=\"color: #3366ff;\">Todos nuestros moldes de stick bait disponen de sistema de expulsi\u00f3n de aire para que el vinilo quede completamente acabado y libre de burbujas de aire en su interior, con fijaciones de M\u00e9trica 6 para una correcta presi\u00f3n a la hora de inyectar el plastisol.<\/span><\/p>\n<p><span style=\"color: #3366ff;\">Las boquillas de inyecci\u00f3n est\u00e1n dise\u00f1adas para todo tipo de inyectoras del mercado, tanto europeas como americanas, ya que este tipo de inyector tiene una medida estandarizada.<\/span><\/p>","protected":false},"excerpt":{"rendered":"<p class=\"translation-block\"><span style=\"color: #000000\"><strong>BT Sticky 5\u2033 \u2013 (4 Cavidades)<\/strong> \u2013 Molde para hacer tus propios stick baits.<\/span><\/p>","protected":false},"featured_media":2628,"comment_status":"open","ping_status":"closed","template":"","meta":[],"product_brand":[],"product_cat":[22],"product_tag":[],"class_list":{"0":"post-1492","1":"product","2":"type-product","3":"status-publish","4":"has-post-thumbnail","6":"product_cat-worm","8":"first","9":"outofstock","10":"taxable","11":"shipping-taxable","12":"purchasable","13":"product-type-simple"},"_links":{"self":[{"href":"https:\/\/softbaitsmolds.com\/es\/wp-json\/wp\/v2\/product\/1492","targetHints":{"allow":["GET"]}}],"collection":[{"href":"https:\/\/softbaitsmolds.com\/es\/wp-json\/wp\/v2\/product"}],"about":[{"href":"https:\/\/softbaitsmolds.com\/es\/wp-json\/wp\/v2\/types\/product"}],"replies":[{"embeddable":true,"href":"https:\/\/softbaitsmolds.com\/es\/wp-json\/wp\/v2\/comments?post=1492"}],"wp:featuredmedia":[{"embeddable":true,"href":"https:\/\/softbaitsmolds.com\/es\/wp-json\/wp\/v2\/media\/2628"}],"wp:attachment":[{"href":"https:\/\/softbaitsmolds.com\/es\/wp-json\/wp\/v2\/media?parent=1492"}],"wp:term":[{"taxonomy":"product_brand","embeddable":true,"href":"https:\/\/softbaitsmolds.com\/es\/wp-json\/wp\/v2\/product_brand?post=1492"},{"taxonomy":"product_cat","embeddable":true,"href":"https:\/\/softbaitsmolds.com\/es\/wp-json\/wp\/v2\/product_cat?post=1492"},{"taxonomy":"product_tag","embeddable":true,"href":"https:\/\/softbaitsmolds.com\/es\/wp-json\/wp\/v2\/product_tag?post=1492"}],"curies":[{"name":"wp","href":"https:\/\/api.w.org\/{rel}","templated":true}]}}