{"id":1457,"date":"2021-12-17T11:40:05","date_gmt":"2021-12-17T13:40:05","guid":{"rendered":"https:\/\/softbaitsmolds.com\/?post_type=product&#038;p=1457"},"modified":"2024-06-10T08:08:59","modified_gmt":"2024-06-10T10:08:59","slug":"swimbait-bt-swim-4","status":"publish","type":"product","link":"https:\/\/softbaitsmolds.com\/es\/swimbait-bt-swim-4\/","title":{"rendered":"BT SWCHATTER 4&#8243; (3 CAVIDADES)"},"content":{"rendered":"<p class=\"translation-block\"><span style=\"color: #3366ff\"><strong>BT SWCHATTER 4\u2033 (3 CAVIDADES)<\/strong>: perfecto para pescar innumerables depredadores, s\u00faper efectivo en algas o acompa\u00f1ado de un chatterbait.<\/span><\/p>\n<p><span style=\"color: #3366ff;\">Haz tus propios swimbaits de pesca, dales el color, el olor, el sabor y la consistencia que quieras para que se adapten a tu escenario de pesca favorito, y disfruta pescando con tus propios palos hechos por ti mismo.<\/span><\/p>\n<p><span style=\"color: #3366ff;\">Nuestros moldes de vinilo para swimbait est\u00e1n mecanizados con aleaciones de aluminio de la m\u00e1s alta calidad para lograr acabados brillantes incluso en los detalles m\u00e1s peque\u00f1os.<\/span><\/p>\n<p><span style=\"color: #3366ff;\">Todos nuestros moldes para swimbaits cuentan con un sistema de expulsi\u00f3n de aire para que el vinilo quede completamente acabado y libre de burbujas de aire en su interior, con sujetadores de M\u00e9trica 6 para una correcta presi\u00f3n a la hora de inyectar el plastisol.<\/span><\/p>\n<p><span style=\"color: #3366ff;\">Las boquillas de inyecci\u00f3n est\u00e1n dise\u00f1adas para todo tipo de inyectoras del mercado, tanto europeas como americanas, ya que este tipo de inyector tiene una medida estandarizada.<\/span><\/p>\n<p>&nbsp;<\/p>","protected":false},"excerpt":{"rendered":"<p class=\"translation-block\"><span style=\"color: #000000\"><strong>BT SWCHATTER 4\u2033 (3 CAVIDADES)<\/strong>: swimbait perfecto para acompa\u00f1ar como remolque de chatterbait.<\/span><\/p>","protected":false},"featured_media":4700,"comment_status":"open","ping_status":"closed","template":"","meta":[],"product_brand":[],"product_cat":[27],"product_tag":[],"class_list":{"0":"post-1457","1":"product","2":"type-product","3":"status-publish","4":"has-post-thumbnail","6":"product_cat-swimbait","8":"first","9":"instock","10":"taxable","11":"shipping-taxable","12":"purchasable","13":"product-type-simple"},"_links":{"self":[{"href":"https:\/\/softbaitsmolds.com\/es\/wp-json\/wp\/v2\/product\/1457","targetHints":{"allow":["GET"]}}],"collection":[{"href":"https:\/\/softbaitsmolds.com\/es\/wp-json\/wp\/v2\/product"}],"about":[{"href":"https:\/\/softbaitsmolds.com\/es\/wp-json\/wp\/v2\/types\/product"}],"replies":[{"embeddable":true,"href":"https:\/\/softbaitsmolds.com\/es\/wp-json\/wp\/v2\/comments?post=1457"}],"wp:featuredmedia":[{"embeddable":true,"href":"https:\/\/softbaitsmolds.com\/es\/wp-json\/wp\/v2\/media\/4700"}],"wp:attachment":[{"href":"https:\/\/softbaitsmolds.com\/es\/wp-json\/wp\/v2\/media?parent=1457"}],"wp:term":[{"taxonomy":"product_brand","embeddable":true,"href":"https:\/\/softbaitsmolds.com\/es\/wp-json\/wp\/v2\/product_brand?post=1457"},{"taxonomy":"product_cat","embeddable":true,"href":"https:\/\/softbaitsmolds.com\/es\/wp-json\/wp\/v2\/product_cat?post=1457"},{"taxonomy":"product_tag","embeddable":true,"href":"https:\/\/softbaitsmolds.com\/es\/wp-json\/wp\/v2\/product_tag?post=1457"}],"curies":[{"name":"wp","href":"https:\/\/api.w.org\/{rel}","templated":true}]}}