{"id":1451,"date":"2021-12-16T21:34:22","date_gmt":"2021-12-16T23:34:22","guid":{"rendered":"https:\/\/softbaitsmolds.com\/?post_type=product&#038;p=1451"},"modified":"2023-06-14T19:39:27","modified_gmt":"2023-06-14T21:39:27","slug":"skirt-ft-tube-3-6","status":"publish","type":"product","link":"https:\/\/softbaitsmolds.com\/es\/skirt-ft-tube-3-6\/","title":{"rendered":"Skirt FT-BG Tube 3.6&#8243; (2 Cavities)"},"content":{"rendered":"<p><span style=\"color: #3366ff;\"><strong>BaiTech Skirt FT-BG Tube 3.6&#8243;<\/strong><\/span>,<span style=\"color: #800000;\"> <a style=\"color: #800000;\" href=\"https:\/\/softbaitsmolds.com\/es\/ft-tube\/?v=04c19fa1e772\">Skirts required for the FT Tube or BG Tube model.<\/a><\/span><\/p>\n<p><span style=\"color: #3366ff;\">Haz tus propios stick baits de pesca, dales el color, el olor, el sabor y la consistencia que quieras para que se adapten a tu escenario de pesca favorito, y disfruta pescando con tus propios palos hechos por ti mismo.<\/span><\/p>\n<p><span style=\"color: #3366ff;\">Nuestros Moldes para faldones vin\u00edlicos est\u00e1n mecanizados en aleaciones de aluminio de la m\u00e1s alta calidad para lograr acabados brillantes hasta en los m\u00e1s m\u00ednimos detalles.<\/span><\/p>\n<p><span style=\"color: #3366ff;\">Todos nuestros moldes para faldas cuentan con un sistema de expulsi\u00f3n de aire para que el vinilo quede completamente acabado y libre de burbujas de aire en su interior, con torniller\u00eda de M\u00e9trica 6 para una correcta presi\u00f3n a la hora de inyectar el plastisol.<\/span><\/p>\n<p><span style=\"color: #3366ff;\">Las boquillas de inyecci\u00f3n est\u00e1n dise\u00f1adas para todo tipo de inyectoras del mercado, tanto europeas como americanas, ya que este tipo de inyector tiene una medida estandarizada.<\/span><\/p>","protected":false},"excerpt":{"rendered":"<p class=\"translation-block\">Falda FT-BG Tube 3.6\u2033<strong> (2 cavidades)<\/strong>, <a href=\"https:\/\/softbaitsmolds.com\/es\/ft-tube\/\" target=\"_self\">Faldas requeridas para el FT Modelo de tubo o tubo BG<\/a><\/p>","protected":false},"featured_media":2623,"comment_status":"open","ping_status":"closed","template":"","meta":[],"product_brand":[],"product_cat":[19],"product_tag":[],"class_list":{"0":"post-1451","1":"product","2":"type-product","3":"status-publish","4":"has-post-thumbnail","6":"product_cat-craw","8":"first","9":"instock","10":"taxable","11":"shipping-taxable","12":"purchasable","13":"product-type-simple"},"_links":{"self":[{"href":"https:\/\/softbaitsmolds.com\/es\/wp-json\/wp\/v2\/product\/1451","targetHints":{"allow":["GET"]}}],"collection":[{"href":"https:\/\/softbaitsmolds.com\/es\/wp-json\/wp\/v2\/product"}],"about":[{"href":"https:\/\/softbaitsmolds.com\/es\/wp-json\/wp\/v2\/types\/product"}],"replies":[{"embeddable":true,"href":"https:\/\/softbaitsmolds.com\/es\/wp-json\/wp\/v2\/comments?post=1451"}],"wp:featuredmedia":[{"embeddable":true,"href":"https:\/\/softbaitsmolds.com\/es\/wp-json\/wp\/v2\/media\/2623"}],"wp:attachment":[{"href":"https:\/\/softbaitsmolds.com\/es\/wp-json\/wp\/v2\/media?parent=1451"}],"wp:term":[{"taxonomy":"product_brand","embeddable":true,"href":"https:\/\/softbaitsmolds.com\/es\/wp-json\/wp\/v2\/product_brand?post=1451"},{"taxonomy":"product_cat","embeddable":true,"href":"https:\/\/softbaitsmolds.com\/es\/wp-json\/wp\/v2\/product_cat?post=1451"},{"taxonomy":"product_tag","embeddable":true,"href":"https:\/\/softbaitsmolds.com\/es\/wp-json\/wp\/v2\/product_tag?post=1451"}],"curies":[{"name":"wp","href":"https:\/\/api.w.org\/{rel}","templated":true}]}}