{"id":35,"date":"2021-12-12T12:35:08","date_gmt":"2021-12-12T14:35:08","guid":{"rendered":"https:\/\/softbaitsmolds.com\/?page_id=35"},"modified":"2025-05-02T01:38:36","modified_gmt":"2025-05-02T03:38:36","slug":"aviso-legal","status":"publish","type":"page","link":"https:\/\/softbaitsmolds.com\/es\/aviso-legal\/","title":{"rendered":"Aviso Legal"},"content":{"rendered":"<div class=\"wpb-content-wrapper\"><div class=\"vc_row wpb_row vc_row-fluid\"><div class=\"wpb_column vc_column_container vc_col-sm-12\"><div class=\"vc_column-inner\"><div class=\"wpb_wrapper\">\n\t<div class=\"wpb_text_column wpb_content_element\" >\n\t\t<div class=\"wpb_wrapper\">\n\t\t\t<h1><strong>Aviso legal<\/strong><\/h1>\n<p class=\"translation-block\">El presente <strong>AVISO LEGAL<\/strong> regula los derechos y obligaciones de softbaitsmolds.com y los usuarios, en relaci\u00f3n al acceso, navegaci\u00f3n y utilizaci\u00f3n de este sitio web sin perjuicio de que softbaitsmolds.com se reserva el derecho a modificar, sin previo aviso, su contenido, siendo vigentes los que est\u00e9n publicados en el momento de la navegaci\u00f3n.<\/p>\n<p>Al navegar, visualizar y utilizar este sitio web, usted adquiere la condici\u00f3n de usuario, y por tanto implica su aceptaci\u00f3n expresa de todas las cl\u00e1usulas que le indicamos en este Aviso Legal, as\u00ed como el resto de advertencias o cl\u00e1usulas espec\u00edficas que se establezcan en los diferentes apartados para la contrataci\u00f3n, uso de servicios, productos, registros, o secciones de la P\u00e1gina.<\/p>\n<p>Por tanto, si usted no acepta las cl\u00e1usulas establecidas en el presente Aviso Legal, deber\u00e1 abstenerse de acceder y\/o utilizar los servicios y\/o contenidos puestos a su disposici\u00f3n en la P\u00e1gina, procediendo a abandonar la misma.<\/p>\n<p>softbaitsmolds.com podr\u00e1 dar por terminado, suspender o interrumpir, en cualquier momento y sin necesidad de preaviso, el acceso a los contenidos y\/o productos ofrecidos en la p\u00e1gina, sin posibilidad por parte del Usuario de exigir indemnizaci\u00f3n alguna. No obstante, en caso de cierre de la plataforma o cese de la actividad, se intentar\u00e1 devolver el pago \u00edntegro de los productos no entregados al cliente.<\/p>\n<p><strong>DATOS PERSONALES Y FISCALES DEL RESPONSABLE DE LA WEB<\/strong><\/p>\n<p>Identidad del Responsable: V\u00edctor Manuel Rodr\u00edguez Garc\u00eda<br \/>Nombre comercial: BaiTech (softbaitsmolds.com)<br \/>NIF\/CIF: ES 76045214S<br \/>Address: Calle\/Ronda de la piedad N\u00ba 33 \u2013 Trujillo (Caceres) \u2013 CP:10200<br \/>Email: admin@softbaitsmolds.com<br \/>Tel\u00e9fono: 689201029<\/p>\n<p><strong>FORMULARIO DE INGRESOS<\/strong><\/p>\n<p>El sitio web softbaitsmolds.com es una p\u00e1gina que genera ingresos a trav\u00e9s de la venta de productos f\u00edsicos.<\/p>\n<p><strong>CARACTER\u00cdSTICAS DE LOS BIENES O SERVICIOS<\/strong><\/p>\n<p>Dise\u00f1o, programaci\u00f3n y fabricaci\u00f3n 3D de moldes de inyecci\u00f3n de pl\u00e1stico y plomo para el sector de la pesca deportiva y la caza.<\/p>\n<p><strong>Contratos personalizados o dise\u00f1os predefinidos por nuestro equipo.<\/strong><\/p>\n<p class=\"translation-block\">Condiciones de uso<br>Si navegas por esta web aceptas t\u00e1citamente las condiciones de uso y las condiciones de privacidad, as\u00ed como declaras haber le\u00eddo el aviso legal.<br>Ni esta web ni sus representantes legales se hacen responsables ni del contenido ni de la veracidad de las pol\u00edticas de privacidad que puedan tener servicios de terceros ajenos a esta web.<br>Se proh\u00edbe expresamente la copia o transcripci\u00f3n total o parcial de cualquier texto de esta web para cualquier uso. Los textos de esta web est\u00e1n hechos \u00fanicamente para ser le\u00eddos, abstenerse de utilizarlos para cualquier otro fin.<br>Se proh\u00edbe expresamente la copia o descarga de las im\u00e1genes de esta web.<br>No se permite la realizaci\u00f3n de hotlinks a las im\u00e1genes de esta web.<br>Se permite copiar y utilizar las estructuras HTML y estilos CSS utilizados en esta web, siempre que sea de forma parcial y nunca la totalidad del formato, generando una web id\u00e9ntica a esta.<\/p>\n<p>En caso de incumplimiento de estas condiciones, podremos vernos obligados a tomar las medidas legales oportunas.<\/p>\n<p><!-- \/wp:post-content --><!-- \/wp:column --><\/p>\n<p>&nbsp;<\/p>\n<p><!-- wp:column {\"width\":\"25%\"} \/--><!-- \/wp:columns --><\/p>\n<p>&nbsp;<\/p>\n\n\t\t<\/div>\n\t<\/div>\n<\/div><\/div><\/div><\/div><\/div>","protected":false},"excerpt":{"rendered":"Legal warning This LEGAL NOTICE regulates the rights and obligations of softbaitsmolds.com and users, in relation to access, navigation and","protected":false},"author":1,"featured_media":0,"parent":0,"menu_order":0,"comment_status":"closed","ping_status":"closed","template":"","meta":{"footnotes":""},"class_list":["post-35","page","type-page","status-publish","hentry"],"_links":{"self":[{"href":"https:\/\/softbaitsmolds.com\/es\/wp-json\/wp\/v2\/pages\/35","targetHints":{"allow":["GET"]}}],"collection":[{"href":"https:\/\/softbaitsmolds.com\/es\/wp-json\/wp\/v2\/pages"}],"about":[{"href":"https:\/\/softbaitsmolds.com\/es\/wp-json\/wp\/v2\/types\/page"}],"author":[{"embeddable":true,"href":"https:\/\/softbaitsmolds.com\/es\/wp-json\/wp\/v2\/users\/1"}],"replies":[{"embeddable":true,"href":"https:\/\/softbaitsmolds.com\/es\/wp-json\/wp\/v2\/comments?post=35"}],"version-history":[{"count":2,"href":"https:\/\/softbaitsmolds.com\/es\/wp-json\/wp\/v2\/pages\/35\/revisions"}],"predecessor-version":[{"id":5084,"href":"https:\/\/softbaitsmolds.com\/es\/wp-json\/wp\/v2\/pages\/35\/revisions\/5084"}],"wp:attachment":[{"href":"https:\/\/softbaitsmolds.com\/es\/wp-json\/wp\/v2\/media?parent=35"}],"curies":[{"name":"wp","href":"https:\/\/api.w.org\/{rel}","templated":true}]}}