{"id":1128,"date":"2021-12-14T19:55:00","date_gmt":"2021-12-14T21:55:00","guid":{"rendered":"https:\/\/softbaitsmolds.com\/?page_id=1128"},"modified":"2025-05-02T01:39:23","modified_gmt":"2025-05-02T03:39:23","slug":"metodos-de-pago","status":"publish","type":"page","link":"https:\/\/softbaitsmolds.com\/es\/metodos-de-pago\/","title":{"rendered":"M\u00e9todos de Pago"},"content":{"rendered":"<div class=\"wpb-content-wrapper\"><div class=\"vc_row wpb_row vc_row-fluid\"><div class=\"wpb_column vc_column_container vc_col-sm-12\"><div class=\"vc_column-inner\"><div class=\"wpb_wrapper\">\n\t<div class=\"wpb_text_column wpb_content_element\" >\n\t\t<div class=\"wpb_wrapper\">\n\t\t\t<h3 style=\"text-align: center;\"><strong>M\u00e9todos de Pago<\/strong><\/h3>\n<p style=\"text-align: center;\">BaiTech te ofrece diferentes formas de pago garantizando la m\u00e1xima seguridad y confidencialidad en tus compras, pudiendo pagar c\u00f3modamente desde cualquier parte del mundo con tarjeta de cr\u00e9dito\/d\u00e9bito y Paypal.<\/p>\n<section>\n<section>\n<figure><\/figure>\n<p><img loading=\"lazy\" decoding=\"async\" class=\"size-medium wp-image-3814 aligncenter\" src=\"https:\/\/softbaitsmolds.com\/wp-content\/uploads\/2022\/12\/pagos-y-envios-logo-300x150.png\" alt=\"\" width=\"300\" height=\"150\" srcset=\"https:\/\/softbaitsmolds.com\/wp-content\/uploads\/2022\/12\/pagos-y-envios-logo-300x150.png 300w, https:\/\/softbaitsmolds.com\/wp-content\/uploads\/2022\/12\/pagos-y-envios-logo-150x75.png 150w, https:\/\/softbaitsmolds.com\/wp-content\/uploads\/2022\/12\/pagos-y-envios-logo.png 400w\" sizes=\"auto, (max-width: 300px) 100vw, 300px\" \/><\/p>\n<p style=\"text-align: center;\">Los pagos de las compras en BAITECH softbaitsmolds.com se realizan a trav\u00e9s de Redsys (canal de pago oficial de BBVA) con todos los sistemas de encriptaci\u00f3n y seguridad de transferencia de datos a trav\u00e9s del protocolo SSL, por lo que el comprador disfrutar\u00e1 en todo momento con la protecci\u00f3n de estos canales.<\/p>\n<p style=\"text-align: center;\">Pagos con tarjeta de cr\u00e9dito\/d\u00e9bito:<\/p>\n<p style=\"text-align: center;\">Cuando realices pagos con tarjeta de cr\u00e9dito, te conectar\u00e1s directamente con la pasarela de pago Redsys 3D Secure BBVA, permitiendo que los datos viajen encriptados mediante el protocolo de seguridad SSL y garantizando una total seguridad. Los datos bancarios de tu tarjeta en ning\u00fan caso quedan registrados en nuestro servidor.<\/p>\n<p style=\"text-align: center;\">Pago por Bizum:<\/p>\n<p style=\"text-align: center;\">Podr\u00e1s realizar pagos bizum de forma r\u00e1pida y segura a trav\u00e9s de la pasarela de pago Redsys 3D Secure BBVA, permitiendo que los datos viajen encriptados mediante el protocolo de seguridad SSL y garantizando una total seguridad. Los datos bancarios de tu tarjeta en ning\u00fan caso quedan registrados en nuestro servidor.<\/p>\n<p style=\"text-align: center;\">Pagos a trav\u00e9s de Paypal:<\/p>\n<p style=\"text-align: center;\">Tambi\u00e9n puedes realizar pagos a trav\u00e9s de tu cuenta PayPal, si tienes una, o con tarjeta en la pasarela de pago segura de PayPal.<\/p>\n<p style=\"text-align: center;\">Transferencia bancaria:<\/p>\n<p style=\"text-align: center;\">Para el pago mediante transferencia bancaria, este es nuestro n\u00famero de cuenta del Banco BBVA \u2013 IBAN: ES4501825332130200959897 y una vez recibido el pago en nuestra cuenta se preparar\u00e1 y enviar\u00e1 el pedido.<\/p>\n<p style=\"text-align: center;\">If you have any questions, do not hesitate to contact us through our email: admin@softbaitsmolds.com or by calling the TLF number: 689201029<\/p>\n<p style=\"text-align: center;\">De parte del equipo que conforma softbait molds.com, le agradecemos por tomarse el tiempo de leer las formas de pago.<\/p>\n<\/section>\n<p style=\"text-align: center;\"><\/p>\n<section>\n<figure><\/figure>\n<p><\/section>\n<p><!-- \/wp:post-content --><br \/><!-- wp:uagb\/column {\"block_id\":\"de7b5347\",\"classMigrate\":true,\"colWidth\":25,\"columnBorderTopWidth\":1,\"columnBorderLeftWidth\":1,\"columnBorderRightWidth\":1,\"columnBorderBottomWidth\":1,\"columnBorderStyle\":\"none\"} \/--><\/section>\n<p><!-- \/wp:uagb\/columns -->\u00a0<\/p>\n\n\t\t<\/div>\n\t<\/div>\n<\/div><\/div><\/div><\/div><\/div>","protected":false},"excerpt":{"rendered":"Payment methods BaiTech offers you different forms of payment guaranteeing the highest security and confidentiality in your purchases, being able","protected":false},"author":1,"featured_media":0,"parent":0,"menu_order":0,"comment_status":"closed","ping_status":"closed","template":"","meta":{"footnotes":""},"class_list":["post-1128","page","type-page","status-publish","hentry"],"_links":{"self":[{"href":"https:\/\/softbaitsmolds.com\/es\/wp-json\/wp\/v2\/pages\/1128","targetHints":{"allow":["GET"]}}],"collection":[{"href":"https:\/\/softbaitsmolds.com\/es\/wp-json\/wp\/v2\/pages"}],"about":[{"href":"https:\/\/softbaitsmolds.com\/es\/wp-json\/wp\/v2\/types\/page"}],"author":[{"embeddable":true,"href":"https:\/\/softbaitsmolds.com\/es\/wp-json\/wp\/v2\/users\/1"}],"replies":[{"embeddable":true,"href":"https:\/\/softbaitsmolds.com\/es\/wp-json\/wp\/v2\/comments?post=1128"}],"version-history":[{"count":2,"href":"https:\/\/softbaitsmolds.com\/es\/wp-json\/wp\/v2\/pages\/1128\/revisions"}],"predecessor-version":[{"id":5085,"href":"https:\/\/softbaitsmolds.com\/es\/wp-json\/wp\/v2\/pages\/1128\/revisions\/5085"}],"wp:attachment":[{"href":"https:\/\/softbaitsmolds.com\/es\/wp-json\/wp\/v2\/media?parent=1128"}],"curies":[{"name":"wp","href":"https:\/\/api.w.org\/{rel}","templated":true}]}}