{"id":4596,"date":"2024-06-07T00:14:23","date_gmt":"2024-06-07T02:14:23","guid":{"rendered":"https:\/\/softbaitsmolds.com\/?post_type=product&#038;p=4596"},"modified":"2026-03-30T09:51:31","modified_gmt":"2026-03-30T11:51:31","slug":"colorants","status":"publish","type":"product","link":"https:\/\/softbaitsmolds.com\/es\/colorants\/","title":{"rendered":"Colorantes 50ML"},"content":{"rendered":"<div class=\"wpb-content-wrapper\"><div class=\"vc_row wpb_row vc_row-fluid\"><div class=\"wpb_column vc_column_container vc_col-sm-12\"><div class=\"vc_column-inner\"><div class=\"wpb_wrapper\">\n\t<div class=\"wpb_text_column wpb_content_element\" >\n\t\t<div class=\"wpb_wrapper\">\n\t\t\t<p class=\"translation-block\"><span style=\"color: #000000\"><strong>Tintes y pigmentos l\u00edquidos especiales para vinilos de pesca.<span style=\"color: #ff0000\"> (BOTES DE 50 ML)<\/span><\/strong><\/span><\/p>\n<p><strong>Colorantes ultra concentrados, 6 gotas para 250ML y 12 gotas para 500ML ser\u00e1n suficientes, para colores m\u00e1s opacos agregar m\u00e1s producto, es importante agitar el frasco antes de usar.<\/strong><\/p>\n\n\t\t<\/div>\n\t<\/div>\n<\/div><\/div><\/div><\/div>\n<\/div>","protected":false},"excerpt":{"rendered":"<p class=\"translation-block\"><span style=\"color: #000000\"><strong>Tintes y pigmentos l\u00edquidos especiales para vinilos de pesca.<span style=\"color: #ff0000\"> (BOTES DE 50 ML)<\/span><\/strong><\/span><\/p>\n<p><strong>Colorantes ultra concentrados, 6 gotas para 250ML y 12 gotas para 500ML ser\u00e1n suficientes, para colores m\u00e1s opacos agregar m\u00e1s producto, es importante agitar el frasco antes de usar.<\/strong><\/p>","protected":false},"featured_media":4761,"comment_status":"open","ping_status":"closed","template":"","meta":[],"product_brand":[],"product_cat":[117],"product_tag":[],"class_list":{"0":"post-4596","1":"product","2":"type-product","3":"status-publish","4":"has-post-thumbnail","6":"product_cat-plastisol-y-aditivos","7":"pa_colors-baby-bass","8":"pa_colors-bahia-green","9":"pa_colors-black","10":"pa_colors-blaze-orange","11":"pa_colors-blue-summer","12":"pa_colors-brown-oxide","13":"pa_colors-carbon-red","14":"pa_colors-chameleon-dye","15":"pa_colors-chartreuse","16":"pa_colors-cinnamon","17":"pa_colors-crimson-red","18":"pa_colors-dark-brown","19":"pa_colors-dark-cinnamon","20":"pa_colors-dark-green","21":"pa_colors-deep-black","22":"pa_colors-emerald-green","23":"pa_colors-flippin-blue","24":"pa_colors-grape-purple","25":"pa_colors-green-glitter","26":"pa_colors-green-pumpkin","27":"pa_colors-hot-pink","28":"pa_colors-junebug","29":"pa_colors-neon-blue","30":"pa_colors-neon-green","31":"pa_colors-neon-purple","32":"pa_colors-neon-yellow","33":"pa_colors-ovacado","34":"pa_colors-plum-dye","35":"pa_colors-purple","36":"pa_colors-silver-pearl-platinium","37":"pa_colors-sky-blue","38":"pa_colors-smoke","39":"pa_colors-sparkle-blue-effects","40":"pa_colors-watermelon","41":"pa_colors-white","42":"pa_colors-white-pearl","44":"first","45":"instock","46":"taxable","47":"shipping-taxable","48":"purchasable","49":"product-type-variable"},"_links":{"self":[{"href":"https:\/\/softbaitsmolds.com\/es\/wp-json\/wp\/v2\/product\/4596","targetHints":{"allow":["GET"]}}],"collection":[{"href":"https:\/\/softbaitsmolds.com\/es\/wp-json\/wp\/v2\/product"}],"about":[{"href":"https:\/\/softbaitsmolds.com\/es\/wp-json\/wp\/v2\/types\/product"}],"replies":[{"embeddable":true,"href":"https:\/\/softbaitsmolds.com\/es\/wp-json\/wp\/v2\/comments?post=4596"}],"wp:featuredmedia":[{"embeddable":true,"href":"https:\/\/softbaitsmolds.com\/es\/wp-json\/wp\/v2\/media\/4761"}],"wp:attachment":[{"href":"https:\/\/softbaitsmolds.com\/es\/wp-json\/wp\/v2\/media?parent=4596"}],"wp:term":[{"taxonomy":"product_brand","embeddable":true,"href":"https:\/\/softbaitsmolds.com\/es\/wp-json\/wp\/v2\/product_brand?post=4596"},{"taxonomy":"product_cat","embeddable":true,"href":"https:\/\/softbaitsmolds.com\/es\/wp-json\/wp\/v2\/product_cat?post=4596"},{"taxonomy":"product_tag","embeddable":true,"href":"https:\/\/softbaitsmolds.com\/es\/wp-json\/wp\/v2\/product_tag?post=4596"}],"curies":[{"name":"wp","href":"https:\/\/api.w.org\/{rel}","templated":true}]}}