{"id":4418,"date":"2024-04-18T08:05:20","date_gmt":"2024-04-18T10:05:20","guid":{"rendered":"https:\/\/softbaitsmolds.com\/?post_type=product&#038;p=4418"},"modified":"2024-09-26T11:15:15","modified_gmt":"2024-09-26T13:15:15","slug":"bt-death-match-open-pour-swimbait-5","status":"publish","type":"product","link":"https:\/\/softbaitsmolds.com\/es\/bt-death-match-open-pour-swimbait-5\/","title":{"rendered":"BT Death Match Open Pour Swimbait 5&#8243;"},"content":{"rendered":"<p><span style=\"color: #3366ff;\"><strong>BT Death Match Open Pour Swimbait Mold 5&#8243;<\/strong> &#8211; Swimbait that admits an infinite number of assemblies to adapt it to different fishing techniques, the design of its hexagonal-shaped tail gives it a very different action from other swimbaits even at low speeds, depending on the density that we give it and assembly, it will be perfect for fishing with it at low speeds near the surface looking for the rise of large fish, in short, a very versatile and effective swimbait for all types of predators.<\/span><\/p>\n<p><img loading=\"lazy\" decoding=\"async\" class=\"wp-image-2845\" src=\"https:\/\/softbaitsmolds.com\/wp-content\/uploads\/2022\/09\/Imagen-de-WhatsApp-2023-01-13-a-las-20.36.35ggg_3_11zon-300x225.jpg\" alt=\"swimbait molds\" width=\"349\" height=\"262\" srcset=\"https:\/\/softbaitsmolds.com\/wp-content\/uploads\/2022\/09\/Imagen-de-WhatsApp-2023-01-13-a-las-20.36.35ggg_3_11zon-300x225.jpg 300w, https:\/\/softbaitsmolds.com\/wp-content\/uploads\/2022\/09\/Imagen-de-WhatsApp-2023-01-13-a-las-20.36.35ggg_3_11zon-150x113.jpg 150w, https:\/\/softbaitsmolds.com\/wp-content\/uploads\/2022\/09\/Imagen-de-WhatsApp-2023-01-13-a-las-20.36.35ggg_3_11zon-600x450.jpg 600w, https:\/\/softbaitsmolds.com\/wp-content\/uploads\/2022\/09\/Imagen-de-WhatsApp-2023-01-13-a-las-20.36.35ggg_3_11zon-1024x768.jpg 1024w, https:\/\/softbaitsmolds.com\/wp-content\/uploads\/2022\/09\/Imagen-de-WhatsApp-2023-01-13-a-las-20.36.35ggg_3_11zon-768x576.jpg 768w, https:\/\/softbaitsmolds.com\/wp-content\/uploads\/2022\/09\/Imagen-de-WhatsApp-2023-01-13-a-las-20.36.35ggg_3_11zon-1536x1152.jpg 1536w, https:\/\/softbaitsmolds.com\/wp-content\/uploads\/2022\/09\/Imagen-de-WhatsApp-2023-01-13-a-las-20.36.35ggg_3_11zon-16x12.jpg 16w, https:\/\/softbaitsmolds.com\/wp-content\/uploads\/2022\/09\/Imagen-de-WhatsApp-2023-01-13-a-las-20.36.35ggg_3_11zon.jpg 800w\" sizes=\"auto, (max-width: 349px) 100vw, 349px\" \/><\/p>\n<ul>\n<li><strong><span style=\"color: #3366ff;\">El molde es por colada no necesita inyectores.<\/span><\/strong><\/li>\n<li><strong><span style=\"color: #3366ff;\">slots for 8mm eyes.<\/span><\/strong><\/li>\n<\/ul>\n<p><span style=\"color: #3366ff;\">Haz tus propios Swimbait de pesca, dales el color, el olor, el sabor y la consistencia que quieras que se adapten a tu lago de pesca favorito, y disfruta pescando con tus propios palos hechos por ti mismo.<\/span><\/p>\n<p><span style=\"color: #3366ff;\">Nuestros moldes de vinilo para swimbait est\u00e1n mecanizados con aleaciones de aluminio de la m\u00e1s alta calidad para lograr acabados brillantes incluso en los detalles m\u00e1s peque\u00f1os.<\/span><\/p>\n<p><span style=\"color: #3366ff;\">Todos nuestros moldes de swimbaits de vertido abierto tienen sujetadores Metric 6 y pines para ajustar las caras con absoluta precisi\u00f3n.<\/span><\/p>\n<p>&nbsp;<\/p>","protected":false},"excerpt":{"rendered":"<p><strong>BT Death Match Open Pour Swimbait Mold 5\u2033<\/strong>\u00a0\u2013 Swimbait que admite infinidad de montajes para adaptarlo a diferentes t\u00e9cnicas de pesca.<\/p>","protected":false},"featured_media":4419,"comment_status":"open","ping_status":"closed","template":"","meta":[],"product_brand":[],"product_cat":[27],"product_tag":[],"class_list":{"0":"post-4418","1":"product","2":"type-product","3":"status-publish","4":"has-post-thumbnail","6":"product_cat-swimbait","8":"first","9":"instock","10":"taxable","11":"shipping-taxable","12":"purchasable","13":"product-type-simple"},"_links":{"self":[{"href":"https:\/\/softbaitsmolds.com\/es\/wp-json\/wp\/v2\/product\/4418","targetHints":{"allow":["GET"]}}],"collection":[{"href":"https:\/\/softbaitsmolds.com\/es\/wp-json\/wp\/v2\/product"}],"about":[{"href":"https:\/\/softbaitsmolds.com\/es\/wp-json\/wp\/v2\/types\/product"}],"replies":[{"embeddable":true,"href":"https:\/\/softbaitsmolds.com\/es\/wp-json\/wp\/v2\/comments?post=4418"}],"wp:featuredmedia":[{"embeddable":true,"href":"https:\/\/softbaitsmolds.com\/es\/wp-json\/wp\/v2\/media\/4419"}],"wp:attachment":[{"href":"https:\/\/softbaitsmolds.com\/es\/wp-json\/wp\/v2\/media?parent=4418"}],"wp:term":[{"taxonomy":"product_brand","embeddable":true,"href":"https:\/\/softbaitsmolds.com\/es\/wp-json\/wp\/v2\/product_brand?post=4418"},{"taxonomy":"product_cat","embeddable":true,"href":"https:\/\/softbaitsmolds.com\/es\/wp-json\/wp\/v2\/product_cat?post=4418"},{"taxonomy":"product_tag","embeddable":true,"href":"https:\/\/softbaitsmolds.com\/es\/wp-json\/wp\/v2\/product_tag?post=4418"}],"curies":[{"name":"wp","href":"https:\/\/api.w.org\/{rel}","templated":true}]}}