{"id":4371,"date":"2023-12-19T14:47:09","date_gmt":"2023-12-19T16:47:09","guid":{"rendered":"https:\/\/softbaitsmolds.com\/?post_type=product&#038;p=4371"},"modified":"2024-06-09T17:28:25","modified_gmt":"2024-06-09T19:28:25","slug":"bt-knock-4%e2%80%b3-open-pour-swimbait-mold","status":"publish","type":"product","link":"https:\/\/softbaitsmolds.com\/es\/bt-knock-4%e2%80%b3-open-pour-swimbait-mold\/","title":{"rendered":"BT Knock 4\u2033 Open Pour Swimbait Mold"},"content":{"rendered":"<p class=\"translation-block\"><span style=\"color: #000000\"><strong>BT Knock 4\u2033 Open Pour Swimbait Mold \u2013 <\/strong><span style=\"color: #0000ff\">Tiene 4 pulgadas de largo y permite abrir a los fabricantes de se\u00f1uelos sus mentes creativas. El vinilo utiliza ojos de 5 mm y tiene dos aletas. Swimbait similar al BT SHOT pero con un dise\u00f1o m\u00e1s estilizado y diferentes patrones de escamas. La cola 1mm m\u00e1s delgada y el dise\u00f1o h\u00edbrido cuadrado y redondo del extremo ayudan a tener un movimiento mucho m\u00e1s nervioso y agresivo, adem\u00e1s conseguiremos una mejor respuesta a velocidades de recogida lentas.<\/span><\/span><\/p>\n<p><span class=\"a-list-item\" style=\"color: #000000;\"><strong>\u2713<\/strong>\u00a0<strong>OPEN POUR MOLD<\/strong><\/span><\/p>\n<p><span style=\"color: #000000;\"><strong><span class=\"a-list-item\">\u2713 NO REQUIEREN LUBRICACI\u00d3N.<\/span><\/strong><\/span><\/p>\n<p><span style=\"color: #000000;\"><strong><span class=\"a-list-item\">\u2713 MOLD MATERIAL: Alumold.<\/span><\/strong><\/span><\/p>\n<p><span style=\"color: #000000;\"><strong><span class=\"a-list-item\">\u2713 DISE\u00d1O DE CEBO DETALLADO.<\/span><\/strong><\/span><\/p>\n<p><span style=\"color: #000000;\"><strong><span class=\"a-list-item\">\u2713 EMBALAJE PREMIUM.<\/span><\/strong><\/span><\/p>\n<p><span class=\"a-list-item\" style=\"color: #000000;\"><strong>\u2713<\/strong>\u00a0<strong>100 VECES m\u00e1s resistente que un molde de piedra y mejores acabados.<\/strong><\/span><\/p>\n<p><span class=\"a-list-item\" style=\"color: #000000;\"><strong>\u2713 Probamos todos nuestros moldes antes de enviarlos para que no tenga que preocuparse por nada.<\/strong><\/span><\/p>","protected":false},"excerpt":{"rendered":"<p><span style=\"color: #000000;\">BT Knock 4\u2033 Open Pour Swimbait Mold \u2013 El molde incluye 2 placas con ranuras para ganchos diferentes.<\/span><\/p>","protected":false},"featured_media":4373,"comment_status":"open","ping_status":"closed","template":"","meta":[],"product_brand":[],"product_cat":[27],"product_tag":[],"class_list":{"0":"post-4371","1":"product","2":"type-product","3":"status-publish","4":"has-post-thumbnail","6":"product_cat-swimbait","8":"first","9":"instock","10":"taxable","11":"shipping-taxable","12":"purchasable","13":"product-type-simple"},"_links":{"self":[{"href":"https:\/\/softbaitsmolds.com\/es\/wp-json\/wp\/v2\/product\/4371","targetHints":{"allow":["GET"]}}],"collection":[{"href":"https:\/\/softbaitsmolds.com\/es\/wp-json\/wp\/v2\/product"}],"about":[{"href":"https:\/\/softbaitsmolds.com\/es\/wp-json\/wp\/v2\/types\/product"}],"replies":[{"embeddable":true,"href":"https:\/\/softbaitsmolds.com\/es\/wp-json\/wp\/v2\/comments?post=4371"}],"wp:featuredmedia":[{"embeddable":true,"href":"https:\/\/softbaitsmolds.com\/es\/wp-json\/wp\/v2\/media\/4373"}],"wp:attachment":[{"href":"https:\/\/softbaitsmolds.com\/es\/wp-json\/wp\/v2\/media?parent=4371"}],"wp:term":[{"taxonomy":"product_brand","embeddable":true,"href":"https:\/\/softbaitsmolds.com\/es\/wp-json\/wp\/v2\/product_brand?post=4371"},{"taxonomy":"product_cat","embeddable":true,"href":"https:\/\/softbaitsmolds.com\/es\/wp-json\/wp\/v2\/product_cat?post=4371"},{"taxonomy":"product_tag","embeddable":true,"href":"https:\/\/softbaitsmolds.com\/es\/wp-json\/wp\/v2\/product_tag?post=4371"}],"curies":[{"name":"wp","href":"https:\/\/api.w.org\/{rel}","templated":true}]}}