{"id":3606,"date":"2023-03-30T19:33:35","date_gmt":"2023-03-30T21:33:35","guid":{"rendered":"https:\/\/softbaitsmolds.com\/?post_type=product&#038;p=3606"},"modified":"2023-07-26T04:20:43","modified_gmt":"2023-07-26T06:20:43","slug":"bt-chatter-3-8-1-2-6-cavidades","status":"publish","type":"product","link":"https:\/\/softbaitsmolds.com\/es\/bt-chatter-3-8-1-2-6-cavidades\/","title":{"rendered":"BT CHATTER 3\/8 &#8211; 1\/2 (6 Cavidades)"},"content":{"rendered":"<p><span style=\"color: #3366ff;\">CHATTER BT 3\/8 \u2013 1\/2 (6 Cavidades) Molde para fabricar tus propios chatters de alta calidad para la pesca de depredadores, dise\u00f1ado para que el conjunto salga completamente de una sola pieza del molde, listo para pintar, colocar ojos y faldillas.<\/span><\/p>\n<p><span style=\"color: #3366ff;\">Los accesorios los puedes poner a tu gusto, tanto hilos como anzuelos y placa ect\u2026 la uni\u00f3n de la placa va directamente al alma \"alambre\" para que el se\u00f1uelo no pierda acci\u00f3n al pescar con \u00e9l desde el primer momento en que toque el agua.<\/span><\/p>\n<p><span style=\"color: #3366ff;\">Puedes hacer tus propios chatterbaits a un costo muy bajo en solo minutos.<\/span><\/p>\n<p><span style=\"color: #3366ff;\">Molde con 3 cavidades de 3\/8 + 3 cavidades de 1\/2.<\/span><\/p>\n<p><img loading=\"lazy\" decoding=\"async\" class=\"wp-image-4212\" src=\"https:\/\/softbaitsmolds.com\/wp-content\/uploads\/2023\/03\/5d42b58a-fc10-4ae0-992d-3ecc733612f4-300x139.jpg\" alt=\"chatterbaits mold\" width=\"486\" height=\"225\" srcset=\"https:\/\/softbaitsmolds.com\/wp-content\/uploads\/2023\/03\/5d42b58a-fc10-4ae0-992d-3ecc733612f4-300x139.jpg 300w, https:\/\/softbaitsmolds.com\/wp-content\/uploads\/2023\/03\/5d42b58a-fc10-4ae0-992d-3ecc733612f4-150x69.jpg 150w, https:\/\/softbaitsmolds.com\/wp-content\/uploads\/2023\/03\/5d42b58a-fc10-4ae0-992d-3ecc733612f4-800x369.jpg 800w, https:\/\/softbaitsmolds.com\/wp-content\/uploads\/2023\/03\/5d42b58a-fc10-4ae0-992d-3ecc733612f4-1024x473.jpg 1024w, https:\/\/softbaitsmolds.com\/wp-content\/uploads\/2023\/03\/5d42b58a-fc10-4ae0-992d-3ecc733612f4-768x355.jpg 768w, https:\/\/softbaitsmolds.com\/wp-content\/uploads\/2023\/03\/5d42b58a-fc10-4ae0-992d-3ecc733612f4-1536x709.jpg 1536w, https:\/\/softbaitsmolds.com\/wp-content\/uploads\/2023\/03\/5d42b58a-fc10-4ae0-992d-3ecc733612f4-18x8.jpg 18w, https:\/\/softbaitsmolds.com\/wp-content\/uploads\/2023\/03\/5d42b58a-fc10-4ae0-992d-3ecc733612f4.jpg 1992w\" sizes=\"auto, (max-width: 486px) 100vw, 486px\" \/><\/p>","protected":false},"excerpt":{"rendered":"<p><strong>BT CHATTER 3\/8 \u2013 1\/2 (6 Cavidades)<\/strong><\/p>","protected":false},"featured_media":4211,"comment_status":"open","ping_status":"closed","template":"","meta":[],"product_brand":[],"product_cat":[131],"product_tag":[],"class_list":{"0":"post-3606","1":"product","2":"type-product","3":"status-publish","4":"has-post-thumbnail","6":"product_cat-bladebaits","8":"first","9":"instock","10":"taxable","11":"shipping-taxable","12":"purchasable","13":"product-type-simple"},"_links":{"self":[{"href":"https:\/\/softbaitsmolds.com\/es\/wp-json\/wp\/v2\/product\/3606","targetHints":{"allow":["GET"]}}],"collection":[{"href":"https:\/\/softbaitsmolds.com\/es\/wp-json\/wp\/v2\/product"}],"about":[{"href":"https:\/\/softbaitsmolds.com\/es\/wp-json\/wp\/v2\/types\/product"}],"replies":[{"embeddable":true,"href":"https:\/\/softbaitsmolds.com\/es\/wp-json\/wp\/v2\/comments?post=3606"}],"wp:featuredmedia":[{"embeddable":true,"href":"https:\/\/softbaitsmolds.com\/es\/wp-json\/wp\/v2\/media\/4211"}],"wp:attachment":[{"href":"https:\/\/softbaitsmolds.com\/es\/wp-json\/wp\/v2\/media?parent=3606"}],"wp:term":[{"taxonomy":"product_brand","embeddable":true,"href":"https:\/\/softbaitsmolds.com\/es\/wp-json\/wp\/v2\/product_brand?post=3606"},{"taxonomy":"product_cat","embeddable":true,"href":"https:\/\/softbaitsmolds.com\/es\/wp-json\/wp\/v2\/product_cat?post=3606"},{"taxonomy":"product_tag","embeddable":true,"href":"https:\/\/softbaitsmolds.com\/es\/wp-json\/wp\/v2\/product_tag?post=3606"}],"curies":[{"name":"wp","href":"https:\/\/api.w.org\/{rel}","templated":true}]}}