{"id":3552,"date":"2023-01-29T18:32:15","date_gmt":"2023-01-29T20:32:15","guid":{"rendered":"https:\/\/softbaitsmolds.com\/?post_type=product&#038;p=3552"},"modified":"2023-06-14T15:17:51","modified_gmt":"2023-06-14T17:17:51","slug":"bt-death-match-open-pour-swimbait-6%e2%80%b3","status":"publish","type":"product","link":"https:\/\/softbaitsmolds.com\/es\/bt-death-match-open-pour-swimbait-6%e2%80%b3\/","title":{"rendered":"BT Death Match Open Pour Swimbait 6\u2033"},"content":{"rendered":"<p><span style=\"color: #3366ff;\">BT Death Match Open Pour Swimbait Mold 6\u2033 \u2013 Swimbait que admite infinidad de montajes para adaptarlo a diferentes t\u00e9cnicas de pesca, el dise\u00f1o de su cola en forma hexagonal le confiere una acci\u00f3n muy diferente a otros swimbaits incluso a bajas velocidades, dependiendo de la densidad que le damos y el montaje, ser\u00e1 perfecto para pescar con \u00e9l a bajas velocidades cerca de la superficie buscando la subida de peces grandes, en definitiva, un swimbait muy polivalente y eficaz para todo tipo de depredadores.<\/span><\/p>\n<ol>\n<li><span style=\"color: #3366ff;\"><strong>El molde es por colada no necesita inyectores.<\/strong><\/span><\/li>\n<li><span style=\"color: #3366ff;\"><strong>Ranuras para ojos de 10 mm.<\/strong><\/span><\/li>\n<\/ol>","protected":false},"excerpt":{"rendered":"<p class=\"translation-block\"><span style=\"color: #3366ff\"><strong>Molde BT Death Match Open Pour Swimbait 6\u2033<\/strong> \u2013 Swimbait que admite infinidad de montajes para adaptarlo a diferentes t\u00e9cnicas de pesca.<\/span><\/p>","protected":false},"featured_media":3567,"comment_status":"open","ping_status":"closed","template":"","meta":[],"product_brand":[],"product_cat":[27],"product_tag":[],"class_list":{"0":"post-3552","1":"product","2":"type-product","3":"status-publish","4":"has-post-thumbnail","6":"product_cat-swimbait","8":"first","9":"instock","10":"taxable","11":"shipping-taxable","12":"purchasable","13":"product-type-simple"},"_links":{"self":[{"href":"https:\/\/softbaitsmolds.com\/es\/wp-json\/wp\/v2\/product\/3552","targetHints":{"allow":["GET"]}}],"collection":[{"href":"https:\/\/softbaitsmolds.com\/es\/wp-json\/wp\/v2\/product"}],"about":[{"href":"https:\/\/softbaitsmolds.com\/es\/wp-json\/wp\/v2\/types\/product"}],"replies":[{"embeddable":true,"href":"https:\/\/softbaitsmolds.com\/es\/wp-json\/wp\/v2\/comments?post=3552"}],"wp:featuredmedia":[{"embeddable":true,"href":"https:\/\/softbaitsmolds.com\/es\/wp-json\/wp\/v2\/media\/3567"}],"wp:attachment":[{"href":"https:\/\/softbaitsmolds.com\/es\/wp-json\/wp\/v2\/media?parent=3552"}],"wp:term":[{"taxonomy":"product_brand","embeddable":true,"href":"https:\/\/softbaitsmolds.com\/es\/wp-json\/wp\/v2\/product_brand?post=3552"},{"taxonomy":"product_cat","embeddable":true,"href":"https:\/\/softbaitsmolds.com\/es\/wp-json\/wp\/v2\/product_cat?post=3552"},{"taxonomy":"product_tag","embeddable":true,"href":"https:\/\/softbaitsmolds.com\/es\/wp-json\/wp\/v2\/product_tag?post=3552"}],"curies":[{"name":"wp","href":"https:\/\/api.w.org\/{rel}","templated":true}]}}