{"id":2695,"date":"2022-11-23T11:26:46","date_gmt":"2022-11-23T13:26:46","guid":{"rendered":"https:\/\/softbaitsmolds.com\/?post_type=product&#038;p=2695"},"modified":"2026-02-10T12:33:43","modified_gmt":"2026-02-10T14:33:43","slug":"bt-open-pour-vertical-shad-130mm","status":"publish","type":"product","link":"https:\/\/softbaitsmolds.com\/es\/bt-open-pour-vertical-shad-130mm\/","title":{"rendered":"BT OPEN POUR VERTICAL SHAD 130MM"},"content":{"rendered":"<p><span style=\"color: #3366ff;\"><strong>BT OPEN POUR VERTICAL SHAD 130MM + MOLDE JIG HEAD A ELEGIR EN PESOS DE 20GR Y 30GR O 40GR Y 50GR.<\/strong><\/span><\/p>\n<ul>\n<li><span style=\"color: #3366ff;\"><strong>Estos moldes no necesitan inyectores.<\/strong><\/span><\/li>\n<li><span style=\"color: #3366ff;\"><strong>Ranuras para ojos de 5 mm.<\/strong><\/span><\/li>\n<\/ul>\n<p><span style=\"color: #3366ff;\">Swimbait de 130mm perfecto para la pesca vertical y la pesca lineal, cabezales espec\u00edficamente dise\u00f1ados para estas t\u00e9cnicas de pesca, dos tipos de cabezales diferentes para diferentes situaciones de pesca y 4 pesos a elegir para montar nuestro se\u00f1uelo y dejarlo listo para pescar a un amplio abanico de depredadores de agua dulce y salada.<\/span><\/p>","protected":false},"excerpt":{"rendered":"<p><span style=\"color: #3366ff;\"><strong>BT OPEN POUR VERTICAL SHAD 130MM + MOLDE JIG HEAD A ELEGIR EN PESOS DE 20GR Y 30GR O 40GR Y 50GR.<\/strong><\/span><\/p>\n<p>&nbsp;<\/p>","protected":false},"featured_media":2698,"comment_status":"open","ping_status":"closed","template":"","meta":[],"product_brand":[],"product_cat":[27],"product_tag":[],"class_list":{"0":"post-2695","1":"product","2":"type-product","3":"status-publish","4":"has-post-thumbnail","6":"product_cat-swimbait","8":"first","9":"instock","10":"taxable","11":"shipping-taxable","12":"purchasable","13":"product-type-variable"},"_links":{"self":[{"href":"https:\/\/softbaitsmolds.com\/es\/wp-json\/wp\/v2\/product\/2695","targetHints":{"allow":["GET"]}}],"collection":[{"href":"https:\/\/softbaitsmolds.com\/es\/wp-json\/wp\/v2\/product"}],"about":[{"href":"https:\/\/softbaitsmolds.com\/es\/wp-json\/wp\/v2\/types\/product"}],"replies":[{"embeddable":true,"href":"https:\/\/softbaitsmolds.com\/es\/wp-json\/wp\/v2\/comments?post=2695"}],"wp:featuredmedia":[{"embeddable":true,"href":"https:\/\/softbaitsmolds.com\/es\/wp-json\/wp\/v2\/media\/2698"}],"wp:attachment":[{"href":"https:\/\/softbaitsmolds.com\/es\/wp-json\/wp\/v2\/media?parent=2695"}],"wp:term":[{"taxonomy":"product_brand","embeddable":true,"href":"https:\/\/softbaitsmolds.com\/es\/wp-json\/wp\/v2\/product_brand?post=2695"},{"taxonomy":"product_cat","embeddable":true,"href":"https:\/\/softbaitsmolds.com\/es\/wp-json\/wp\/v2\/product_cat?post=2695"},{"taxonomy":"product_tag","embeddable":true,"href":"https:\/\/softbaitsmolds.com\/es\/wp-json\/wp\/v2\/product_tag?post=2695"}],"curies":[{"name":"wp","href":"https:\/\/api.w.org\/{rel}","templated":true}]}}