{"id":2048,"date":"2022-04-10T19:54:10","date_gmt":"2022-04-10T21:54:10","guid":{"rendered":"https:\/\/softbaitsmolds.com\/?post_type=product&#038;p=2048"},"modified":"2023-06-14T19:03:42","modified_gmt":"2023-06-14T21:03:42","slug":"bt-neko-flapper-35-core-shot","status":"publish","type":"product","link":"https:\/\/softbaitsmolds.com\/es\/bt-neko-flapper-35-core-shot\/","title":{"rendered":"BT Neko Flapper 3,5&#8243; Core Shot (3 Cavidades)"},"content":{"rendered":"<p class=\"translation-block\"><strong>BT Neko Flapper 3.5\u2033 Core Shot (3-Cavity Mold)<\/strong> -Movimiento muy nervioso Gracias al dise\u00f1o de las palas de nuestro Neko Flapper, las altas vibraciones en el agua lo hacen perfecto para montar Neko Rig, Jika Rig, Free Rig, o acompa\u00f1ado de nuestro jig favorito.<\/p>\n<p><span style=\"color: #3366ff;\">Podemos dotar a este modelo de doble densidad gracias al sistema Core Shot, o ponerle una vena central en colores vivos para darle un atractivo diferente a los ojos de los peces.<\/span><\/p>\n<p><span style=\"color: #3366ff;\">Haz tus propios stick baits de pesca, dales el color, el olor, el sabor y la consistencia que quieras para que se adapten a tu escenario de pesca favorito, y disfruta pescando con tus propios palos hechos por ti mismo.<\/span><\/p>\n<p><span style=\"color: #3366ff;\">Nuestros moldes de cangrejo de vinilo est\u00e1n mecanizados con aleaciones de aluminio de la m\u00e1s alta calidad para lograr acabados brillantes incluso en los detalles m\u00e1s peque\u00f1os.<\/span><\/p>\n<p><span style=\"color: #3366ff;\">Todos nuestros moldes de cangrejo cuentan con un sistema de expulsi\u00f3n de aire para que el vinilo quede completamente acabado y libre de burbujas de aire en su interior, con sujetadores de M\u00e9trica 6 para una correcta presi\u00f3n al momento de inyectar el plastisol.<\/span><\/p>\n<p><span style=\"color: #3366ff;\">Las boquillas de inyecci\u00f3n est\u00e1n dise\u00f1adas para todo tipo de inyectoras del mercado, tanto europeas como americanas, ya que este tipo de inyector tiene una medida estandarizada.<\/span><\/p>\n<p><span style=\"color: #3366ff;\"><b>.<\/b><\/span><\/p>","protected":false},"excerpt":{"rendered":"<p class=\"translation-block\"><strong>BT Neko Flapper 3.5\u2033 Core Shot (3-Cavity Mold)<\/strong> -Movimiento muy nervioso Gracias al dise\u00f1o de las palas de nuestro Neko Flapper, las altas vibraciones en el agua lo hacen perfecto para montar Neko Rig, Jika Rig, Free Rig, o acompa\u00f1ado de nuestro jig favorito.<\/p>","protected":false},"featured_media":2262,"comment_status":"open","ping_status":"closed","template":"","meta":[],"product_brand":[],"product_cat":[19],"product_tag":[],"class_list":{"0":"post-2048","1":"product","2":"type-product","3":"status-publish","4":"has-post-thumbnail","6":"product_cat-craw","8":"first","9":"instock","10":"taxable","11":"shipping-taxable","12":"purchasable","13":"product-type-simple"},"_links":{"self":[{"href":"https:\/\/softbaitsmolds.com\/es\/wp-json\/wp\/v2\/product\/2048","targetHints":{"allow":["GET"]}}],"collection":[{"href":"https:\/\/softbaitsmolds.com\/es\/wp-json\/wp\/v2\/product"}],"about":[{"href":"https:\/\/softbaitsmolds.com\/es\/wp-json\/wp\/v2\/types\/product"}],"replies":[{"embeddable":true,"href":"https:\/\/softbaitsmolds.com\/es\/wp-json\/wp\/v2\/comments?post=2048"}],"wp:featuredmedia":[{"embeddable":true,"href":"https:\/\/softbaitsmolds.com\/es\/wp-json\/wp\/v2\/media\/2262"}],"wp:attachment":[{"href":"https:\/\/softbaitsmolds.com\/es\/wp-json\/wp\/v2\/media?parent=2048"}],"wp:term":[{"taxonomy":"product_brand","embeddable":true,"href":"https:\/\/softbaitsmolds.com\/es\/wp-json\/wp\/v2\/product_brand?post=2048"},{"taxonomy":"product_cat","embeddable":true,"href":"https:\/\/softbaitsmolds.com\/es\/wp-json\/wp\/v2\/product_cat?post=2048"},{"taxonomy":"product_tag","embeddable":true,"href":"https:\/\/softbaitsmolds.com\/es\/wp-json\/wp\/v2\/product_tag?post=2048"}],"curies":[{"name":"wp","href":"https:\/\/api.w.org\/{rel}","templated":true}]}}