{"id":1873,"date":"2022-01-29T22:59:14","date_gmt":"2022-01-30T00:59:14","guid":{"rendered":"https:\/\/softbaitsmolds.com\/?post_type=product&#038;p=1873"},"modified":"2023-06-14T19:04:59","modified_gmt":"2023-06-14T21:04:59","slug":"bt-texas-weight","status":"publish","type":"product","link":"https:\/\/softbaitsmolds.com\/es\/bt-texas-weight\/","title":{"rendered":"BT Texas Weight"},"content":{"rendered":"<p class=\"translation-block\"><span style=\"color: #3366ff\"><strong>Peso BT Texas 5GR,7GR,10GR<\/strong> -Moldes con 10 Cavidades para hacer pesos texas perfectos para dar peso a tus vinilos\u2026<\/span><\/p>\n<p><span style=\"color: #3366ff;\">Haz tus propios pesos texas para pescar, dales el color que quieras para adaptarlo al color de tus vinilos favoritos, y disfruta pescando con tus propios pesos hechos por ti mismo.<\/span><\/p>\n<p><span style=\"color: #3366ff;\">Moldes para plomos de bala mecanizados en aleaciones de aluminio de la m\u00e1s alta calidad para conseguir acabados brillantes hasta en los m\u00e1s m\u00ednimos detalles.<\/span><\/p>\n<p><span style=\"color: #3366ff;\">Todos nuestros moldes para texas cuentan con apriete de metrica 6 para su correcta presion.<\/span><\/p>\n<p>&nbsp;<\/p>","protected":false},"excerpt":{"rendered":"<p class=\"translation-block\"><strong>Peso BT Texas 5GR,7GR,10GR<\/strong> -Moldes con 10 cavidades para hacer pesos para texas.<\/p>","protected":false},"featured_media":1891,"comment_status":"open","ping_status":"closed","template":"","meta":[],"product_brand":[],"product_cat":[29],"product_tag":[],"class_list":{"0":"post-1873","1":"product","2":"type-product","3":"status-publish","4":"has-post-thumbnail","6":"product_cat-jigs","8":"first","9":"instock","10":"taxable","11":"shipping-taxable","12":"purchasable","13":"product-type-variable"},"_links":{"self":[{"href":"https:\/\/softbaitsmolds.com\/es\/wp-json\/wp\/v2\/product\/1873","targetHints":{"allow":["GET"]}}],"collection":[{"href":"https:\/\/softbaitsmolds.com\/es\/wp-json\/wp\/v2\/product"}],"about":[{"href":"https:\/\/softbaitsmolds.com\/es\/wp-json\/wp\/v2\/types\/product"}],"replies":[{"embeddable":true,"href":"https:\/\/softbaitsmolds.com\/es\/wp-json\/wp\/v2\/comments?post=1873"}],"wp:featuredmedia":[{"embeddable":true,"href":"https:\/\/softbaitsmolds.com\/es\/wp-json\/wp\/v2\/media\/1891"}],"wp:attachment":[{"href":"https:\/\/softbaitsmolds.com\/es\/wp-json\/wp\/v2\/media?parent=1873"}],"wp:term":[{"taxonomy":"product_brand","embeddable":true,"href":"https:\/\/softbaitsmolds.com\/es\/wp-json\/wp\/v2\/product_brand?post=1873"},{"taxonomy":"product_cat","embeddable":true,"href":"https:\/\/softbaitsmolds.com\/es\/wp-json\/wp\/v2\/product_cat?post=1873"},{"taxonomy":"product_tag","embeddable":true,"href":"https:\/\/softbaitsmolds.com\/es\/wp-json\/wp\/v2\/product_tag?post=1873"}],"curies":[{"name":"wp","href":"https:\/\/api.w.org\/{rel}","templated":true}]}}