{"id":1739,"date":"2021-12-31T09:24:30","date_gmt":"2021-12-31T11:24:30","guid":{"rendered":"https:\/\/softbaitsmolds.com\/?post_type=product&#038;p=1739"},"modified":"2024-05-28T15:01:55","modified_gmt":"2024-05-28T17:01:55","slug":"bt-swimflog-7","status":"publish","type":"product","link":"https:\/\/softbaitsmolds.com\/es\/bt-swimflog-7\/","title":{"rendered":"BT SwimFlog 7&#8243;"},"content":{"rendered":"<p class=\"translation-block\"><span style=\"color: #3366ff\"><strong>BT SwimFlog 7\u2033<\/strong> \u2013 Este swimbait tiene varias acciones posibles, variando las velocidades de recolecci\u00f3n, destaca por su gran zigzag, que desencadena las picadas del los peces m\u00e1s reacio y m\u00e1s grande de la zona.<\/span><\/p>\n<p><span style=\"color: #3366ff;\">Haz tus propios stick baits de pesca, dales el color, el olor, el sabor y la consistencia que quieras para que se adapten a tu escenario de pesca favorito, y disfruta pescando con tus propios palos hechos por ti mismo.<\/span><\/p>\n<p><span style=\"color: #3366ff;\">Nuestros moldes de vinilo para swimbait est\u00e1n mecanizados en aleaciones de aluminio de la m\u00e1s alta calidad para lograr acabados brillantes hasta en los m\u00e1s m\u00ednimos detalles.<\/span><\/p>\n<p><span style=\"color: #3366ff;\">Todos nuestros moldes para swimbaits cuentan con un sistema de expulsi\u00f3n de aire para que el vinilo quede completamente acabado y libre de burbujas de aire en su interior, con sujetadores de M\u00e9trica 6 para una correcta presi\u00f3n a la hora de inyectar el plastisol.<\/span><\/p>\n<p><span style=\"color: #3366ff;\">Las boquillas de inyecci\u00f3n est\u00e1n dise\u00f1adas para todo tipo de inyectoras del mercado, tanto europeas como americanas, ya que este tipo de inyector tiene una medida estandarizada.<\/span><\/p>\n<blockquote class=\"tiktok-embed\" style=\"max-width: 605px; min-width: 325px;\" cite=\"https:\/\/www.tiktok.com\/@baitech\/video\/7372347140737207584\" data-video-id=\"7372347140737207584\">\n<section><a title=\"@baitech\" href=\"https:\/\/www.tiktok.com\/@baitech?refer=embed\" target=\"_blank\" rel=\"noopener\">@baitech<\/a>Are you BIG or small? \ud83e\udd14 te lo hacemos a medida y a tu gusto!! \ud83e\udd17 &#8212;&#8212;&gt;&gt; softbaitsmolds.com<\/p>\n<p><a title=\"\u266c sonido original - softbaitsmolds.com\" href=\"https:\/\/www.tiktok.com\/music\/sonido-original-softbaitsmoldscom-7372349268315245345?refer=embed\" target=\"_blank\" rel=\"noopener\">\u266c sonido original &#8211; softbaitsmolds.com<\/a><\/p>\n<\/section>\n<\/blockquote>\n<p><script async src=\"https:\/\/www.tiktok.com\/embed.js\"><\/script><\/p>","protected":false},"excerpt":{"rendered":"<p class=\"translation-block\"><strong>BT SwimFlog 7\u2033 Molde de 1 cavidad:<\/strong> Este swimbait tiene varias acciones posibles, cambiando las velocidades de recogida.<\/p>","protected":false},"featured_media":4442,"comment_status":"open","ping_status":"closed","template":"","meta":[],"product_brand":[],"product_cat":[27],"product_tag":[],"class_list":{"0":"post-1739","1":"product","2":"type-product","3":"status-publish","4":"has-post-thumbnail","6":"product_cat-swimbait","8":"first","9":"instock","10":"taxable","11":"shipping-taxable","12":"purchasable","13":"product-type-simple"},"_links":{"self":[{"href":"https:\/\/softbaitsmolds.com\/es\/wp-json\/wp\/v2\/product\/1739","targetHints":{"allow":["GET"]}}],"collection":[{"href":"https:\/\/softbaitsmolds.com\/es\/wp-json\/wp\/v2\/product"}],"about":[{"href":"https:\/\/softbaitsmolds.com\/es\/wp-json\/wp\/v2\/types\/product"}],"replies":[{"embeddable":true,"href":"https:\/\/softbaitsmolds.com\/es\/wp-json\/wp\/v2\/comments?post=1739"}],"wp:featuredmedia":[{"embeddable":true,"href":"https:\/\/softbaitsmolds.com\/es\/wp-json\/wp\/v2\/media\/4442"}],"wp:attachment":[{"href":"https:\/\/softbaitsmolds.com\/es\/wp-json\/wp\/v2\/media?parent=1739"}],"wp:term":[{"taxonomy":"product_brand","embeddable":true,"href":"https:\/\/softbaitsmolds.com\/es\/wp-json\/wp\/v2\/product_brand?post=1739"},{"taxonomy":"product_cat","embeddable":true,"href":"https:\/\/softbaitsmolds.com\/es\/wp-json\/wp\/v2\/product_cat?post=1739"},{"taxonomy":"product_tag","embeddable":true,"href":"https:\/\/softbaitsmolds.com\/es\/wp-json\/wp\/v2\/product_tag?post=1739"}],"curies":[{"name":"wp","href":"https:\/\/api.w.org\/{rel}","templated":true}]}}