{"id":1725,"date":"2021-12-29T19:30:59","date_gmt":"2021-12-29T21:30:59","guid":{"rendered":"https:\/\/softbaitsmolds.com\/?post_type=product&#038;p=1725"},"modified":"2025-09-11T08:54:34","modified_gmt":"2025-09-11T10:54:34","slug":"bt-stick-bait-4-5-6","status":"publish","type":"product","link":"https:\/\/softbaitsmolds.com\/es\/bt-stick-bait-4-5-6\/","title":{"rendered":"BT StickBait Core Shot 5&#8243; (6 Cavity)"},"content":{"rendered":"<p><span style=\"color: #3366ff;\">BT Stick Bait Core Shot 5&#8243; &#8211; Perfect for black bass fishing, very effective lure when fishing with the wing dropped on vertical and sheer walls.<\/span><\/p>\n<p><span style=\"color: #3366ff;\">Coreshot 4mm<\/span><\/p>\n<p><span style=\"color: #3366ff;\">Podemos dotar a este modelo de doble densidad gracias al sistema Core Shot, o ponerle una vena central en colores vivos para darle un atractivo diferente a los ojos de los peces.<\/span><\/p>\n<p><img loading=\"lazy\" decoding=\"async\" class=\"alignnone  wp-image-5183\" src=\"https:\/\/softbaitsmolds.com\/wp-content\/uploads\/2021\/12\/Imagen-de-WhatsApp-2025-09-11-a-las-12.40.59_ea2092e9-300x225.jpg\" alt=\"Stick bait core shot mold\" width=\"534\" height=\"401\" srcset=\"https:\/\/softbaitsmolds.com\/wp-content\/uploads\/2021\/12\/Imagen-de-WhatsApp-2025-09-11-a-las-12.40.59_ea2092e9-300x225.jpg 300w, https:\/\/softbaitsmolds.com\/wp-content\/uploads\/2021\/12\/Imagen-de-WhatsApp-2025-09-11-a-las-12.40.59_ea2092e9-1024x768.jpg 1024w, https:\/\/softbaitsmolds.com\/wp-content\/uploads\/2021\/12\/Imagen-de-WhatsApp-2025-09-11-a-las-12.40.59_ea2092e9-768x576.jpg 768w, https:\/\/softbaitsmolds.com\/wp-content\/uploads\/2021\/12\/Imagen-de-WhatsApp-2025-09-11-a-las-12.40.59_ea2092e9-1536x1152.jpg 1536w, https:\/\/softbaitsmolds.com\/wp-content\/uploads\/2021\/12\/Imagen-de-WhatsApp-2025-09-11-a-las-12.40.59_ea2092e9-16x12.jpg 16w, https:\/\/softbaitsmolds.com\/wp-content\/uploads\/2021\/12\/Imagen-de-WhatsApp-2025-09-11-a-las-12.40.59_ea2092e9-800x600.jpg 800w, https:\/\/softbaitsmolds.com\/wp-content\/uploads\/2021\/12\/Imagen-de-WhatsApp-2025-09-11-a-las-12.40.59_ea2092e9-150x113.jpg 150w, https:\/\/softbaitsmolds.com\/wp-content\/uploads\/2021\/12\/Imagen-de-WhatsApp-2025-09-11-a-las-12.40.59_ea2092e9.jpg 1600w\" sizes=\"auto, (max-width: 534px) 100vw, 534px\" \/><\/p>\n<p>&nbsp;<\/p>\n<p>&nbsp;<\/p>\n<p><span style=\"color: #3366ff;\">Haz tus propios stick baits de pesca, dales el color, el olor, el sabor y la consistencia que quieras para que se adapten a tu escenario de pesca favorito, y disfruta pescando con tus propios palos hechos por ti mismo.<\/span><\/p>\n<p><span style=\"color: #3366ff;\">Nuestros moldes para sticks baits de vinilo est\u00e1n mecanizados con aleaciones de aluminio de la m\u00e1s alta calidad para lograr acabados brillantes incluso en los detalles m\u00e1s peque\u00f1os.<\/span><\/p>\n<p><span style=\"color: #3366ff;\">Todos nuestros moldes de stick bait disponen de sistema de expulsi\u00f3n de aire para que el vinilo quede completamente acabado y libre de burbujas de aire en su interior, con fijaciones de M\u00e9trica 6 para una correcta presi\u00f3n a la hora de inyectar el plastisol.<\/span><\/p>\n<p><span style=\"color: #3366ff;\">Las boquillas de inyecci\u00f3n est\u00e1n dise\u00f1adas para todo tipo de inyectoras del mercado, tanto europeas como americanas, ya que este tipo de inyector tiene una medida estandarizada.<\/span><\/p>","protected":false},"excerpt":{"rendered":"<p><span style=\"color: #000000;\"><strong>BT Stick Bait Core Shot 5&#8243;<\/strong> &#8211;\u00a0 <strong>(6 Cavity)<\/strong> Perfect for black bass fishing, very effective lure when fishing with the wing dropped on vertical and sheer walls.<\/span><\/p>\n<p>&nbsp;<\/p>\n<p>&nbsp;<\/p>","protected":false},"featured_media":5193,"comment_status":"closed","ping_status":"closed","template":"","meta":[],"product_brand":[],"product_cat":[22],"product_tag":[],"class_list":{"0":"post-1725","1":"product","2":"type-product","3":"status-publish","4":"has-post-thumbnail","6":"product_cat-worm","8":"first","9":"instock","10":"taxable","11":"shipping-taxable","12":"purchasable","13":"product-type-simple"},"_links":{"self":[{"href":"https:\/\/softbaitsmolds.com\/es\/wp-json\/wp\/v2\/product\/1725","targetHints":{"allow":["GET"]}}],"collection":[{"href":"https:\/\/softbaitsmolds.com\/es\/wp-json\/wp\/v2\/product"}],"about":[{"href":"https:\/\/softbaitsmolds.com\/es\/wp-json\/wp\/v2\/types\/product"}],"replies":[{"embeddable":true,"href":"https:\/\/softbaitsmolds.com\/es\/wp-json\/wp\/v2\/comments?post=1725"}],"wp:featuredmedia":[{"embeddable":true,"href":"https:\/\/softbaitsmolds.com\/es\/wp-json\/wp\/v2\/media\/5193"}],"wp:attachment":[{"href":"https:\/\/softbaitsmolds.com\/es\/wp-json\/wp\/v2\/media?parent=1725"}],"wp:term":[{"taxonomy":"product_brand","embeddable":true,"href":"https:\/\/softbaitsmolds.com\/es\/wp-json\/wp\/v2\/product_brand?post=1725"},{"taxonomy":"product_cat","embeddable":true,"href":"https:\/\/softbaitsmolds.com\/es\/wp-json\/wp\/v2\/product_cat?post=1725"},{"taxonomy":"product_tag","embeddable":true,"href":"https:\/\/softbaitsmolds.com\/es\/wp-json\/wp\/v2\/product_tag?post=1725"}],"curies":[{"name":"wp","href":"https:\/\/api.w.org\/{rel}","templated":true}]}}