{"id":1648,"date":"2021-12-26T17:49:40","date_gmt":"2021-12-26T19:49:40","guid":{"rendered":"https:\/\/softbaitsmolds.com\/?post_type=product&#038;p=1648"},"modified":"2025-06-30T08:44:27","modified_gmt":"2025-06-30T10:44:27","slug":"bt-jerkbait","status":"publish","type":"product","link":"https:\/\/softbaitsmolds.com\/es\/bt-jerkbait\/","title":{"rendered":"BT Shadow Jerk"},"content":{"rendered":"<p><span style=\"color: #3366ff;\"><strong>BT Jerkbait Mold &#8211; 4&#8243; 5&#8243; 6&#8243; and 7&#8243; &#8211;<\/strong> Highly efficient Jerkbait for fishing all kinds of predators.<\/span><\/p>\n<ul>\n<li><span style=\"color: #808000;\"><strong><span style=\"color: #800000;\">4&#8243;<\/span> &#8211;\u00a0 <em>5\u00a0 Cavity\u00a0<\/em><\/strong><\/span><\/li>\n<li><span style=\"color: #808000;\"><strong><span style=\"color: #800000;\">5&#8243;<\/span> &#8211;\u00a0 <em>4\u00a0 Cavity\u00a0<\/em><\/strong><\/span><\/li>\n<li><span style=\"color: #808000;\"><strong><span style=\"color: #800000;\">6&#8243;<\/span> &#8211;\u00a0 <em>4\u00a0 Cavity\u00a0<\/em><\/strong><\/span><\/li>\n<li><span style=\"color: #808000;\"><strong><span style=\"color: #800000;\">7&#8243;<\/span> &#8211;\u00a0 <em>3\u00a0 Cavity\u00a0<\/em><\/strong><\/span><\/li>\n<\/ul>\n<p><span style=\"color: #3366ff;\">Haz tu propio Jerkbait de pesca, dales el color, olor, sabor y consistencia que quieras para adaptarlo a tu escenario de pesca favorito, y disfruta pescando con tus propios vinilos hechos por ti mismo.<\/span><\/p>\n<p><span style=\"color: #3366ff;\">Nuestros moldes de vinilo Jerkbait est\u00e1n mecanizados con aleaciones de aluminio de la m\u00e1s alta calidad para lograr acabados brillantes incluso en los detalles m\u00e1s peque\u00f1os.<\/span><\/p>\n<p><img loading=\"lazy\" decoding=\"async\" class=\"wp-image-2141\" src=\"https:\/\/softbaitsmolds.com\/wp-content\/uploads\/2021\/12\/WhatsApp-Image-2022-05-26-at-8.22.32-PM-300x200.webp\" alt=\"jerkbait mold\" width=\"644\" height=\"430\" srcset=\"https:\/\/softbaitsmolds.com\/wp-content\/uploads\/2021\/12\/WhatsApp-Image-2022-05-26-at-8.22.32-PM-300x200.webp 300w, https:\/\/softbaitsmolds.com\/wp-content\/uploads\/2021\/12\/WhatsApp-Image-2022-05-26-at-8.22.32-PM-150x100.webp 150w, https:\/\/softbaitsmolds.com\/wp-content\/uploads\/2021\/12\/WhatsApp-Image-2022-05-26-at-8.22.32-PM-800x533.webp 800w, https:\/\/softbaitsmolds.com\/wp-content\/uploads\/2021\/12\/WhatsApp-Image-2022-05-26-at-8.22.32-PM-1024x683.webp 1024w, https:\/\/softbaitsmolds.com\/wp-content\/uploads\/2021\/12\/WhatsApp-Image-2022-05-26-at-8.22.32-PM-768x512.webp 768w, https:\/\/softbaitsmolds.com\/wp-content\/uploads\/2021\/12\/WhatsApp-Image-2022-05-26-at-8.22.32-PM-1536x1024.webp 1536w, https:\/\/softbaitsmolds.com\/wp-content\/uploads\/2021\/12\/WhatsApp-Image-2022-05-26-at-8.22.32-PM-1320x880.webp 1320w, https:\/\/softbaitsmolds.com\/wp-content\/uploads\/2021\/12\/WhatsApp-Image-2022-05-26-at-8.22.32-PM-600x400.webp 600w, https:\/\/softbaitsmolds.com\/wp-content\/uploads\/2021\/12\/WhatsApp-Image-2022-05-26-at-8.22.32-PM.webp 2048w\" sizes=\"auto, (max-width: 644px) 100vw, 644px\" \/><\/p>\n<p><span style=\"color: #3366ff;\">Todos nuestros moldes de Jerkbait cuentan con un sistema de expulsi\u00f3n de aire para que el vinilo quede completamente acabado y libre de burbujas de aire en su interior, con sujetadores de M\u00e9trica 6 para una correcta presi\u00f3n a la hora de inyectar el plastisol.<\/span><\/p>\n<p><span style=\"color: #3366ff;\">Las boquillas de inyecci\u00f3n est\u00e1n dise\u00f1adas para todo tipo de inyectoras del mercado, tanto europeas como americanas, ya que este tipo de inyectoras tienen unas medidas estandarizadas.<\/span><\/p>\n<p>&nbsp;<\/p>","protected":false},"excerpt":{"rendered":"<p><strong>BT Jerkbait Mold &#8211; 5&#8243;,6&#8243; and 7&#8243; &#8211;<\/strong> Highly efficient Jerkbait for fishing all kinds of predators.<\/p>\n<ul>\n<li><span style=\"color: #808000;\"><strong><span style=\"color: #800000;\">4&#8243;<\/span> &#8211;\u00a0 <em>5\u00a0 Cavity\u00a0<\/em><\/strong><\/span><\/li>\n<li><span style=\"color: #808000;\"><strong><span style=\"color: #800000;\">5&#8243;<\/span> &#8211;\u00a0 <em>4\u00a0 Cavity\u00a0<\/em><\/strong><\/span><\/li>\n<li><span style=\"color: #808000;\"><strong><span style=\"color: #800000;\">6&#8243;<\/span> &#8211;\u00a0 <em>4\u00a0 Cavity\u00a0<\/em><\/strong><\/span><\/li>\n<li><span style=\"color: #808000;\"><strong><span style=\"color: #800000;\">7&#8243;<\/span> &#8211;\u00a0 <em>3\u00a0 Cavity\u00a0<\/em><\/strong><\/span><\/li>\n<\/ul>\n<p>&nbsp;<\/p>","protected":false},"featured_media":2086,"comment_status":"open","ping_status":"closed","template":"","meta":[],"product_brand":[],"product_cat":[20],"product_tag":[],"class_list":{"0":"post-1648","1":"product","2":"type-product","3":"status-publish","4":"has-post-thumbnail","6":"product_cat-jerkbait","8":"first","9":"instock","10":"taxable","11":"shipping-taxable","12":"purchasable","13":"product-type-variable"},"_links":{"self":[{"href":"https:\/\/softbaitsmolds.com\/es\/wp-json\/wp\/v2\/product\/1648","targetHints":{"allow":["GET"]}}],"collection":[{"href":"https:\/\/softbaitsmolds.com\/es\/wp-json\/wp\/v2\/product"}],"about":[{"href":"https:\/\/softbaitsmolds.com\/es\/wp-json\/wp\/v2\/types\/product"}],"replies":[{"embeddable":true,"href":"https:\/\/softbaitsmolds.com\/es\/wp-json\/wp\/v2\/comments?post=1648"}],"wp:featuredmedia":[{"embeddable":true,"href":"https:\/\/softbaitsmolds.com\/es\/wp-json\/wp\/v2\/media\/2086"}],"wp:attachment":[{"href":"https:\/\/softbaitsmolds.com\/es\/wp-json\/wp\/v2\/media?parent=1648"}],"wp:term":[{"taxonomy":"product_brand","embeddable":true,"href":"https:\/\/softbaitsmolds.com\/es\/wp-json\/wp\/v2\/product_brand?post=1648"},{"taxonomy":"product_cat","embeddable":true,"href":"https:\/\/softbaitsmolds.com\/es\/wp-json\/wp\/v2\/product_cat?post=1648"},{"taxonomy":"product_tag","embeddable":true,"href":"https:\/\/softbaitsmolds.com\/es\/wp-json\/wp\/v2\/product_tag?post=1648"}],"curies":[{"name":"wp","href":"https:\/\/api.w.org\/{rel}","templated":true}]}}