{"id":1637,"date":"2021-12-25T15:45:31","date_gmt":"2021-12-25T17:45:31","guid":{"rendered":"https:\/\/softbaitsmolds.com\/?post_type=product&#038;p=1637"},"modified":"2023-06-14T19:20:56","modified_gmt":"2023-06-14T21:20:56","slug":"insert-weight","status":"publish","type":"product","link":"https:\/\/softbaitsmolds.com\/es\/insert-weight\/","title":{"rendered":"Insert Weight"},"content":{"rendered":"<p class=\"translation-block\"><span style=\"color: #3366ff\"><strong>Peso Inserto 1GR,1.5GR,2GR<\/strong> -Moldes con 10 Cavidades para insertos de plomo perfectos para insertar en nuestros vinilos de pesca y darles un peso extra.<\/p>\n<p><span style=\"color: #3366ff;\">Haz tus propios insertos para pescar, dales el color que quieras para adaptarlo al color de tus vinilos favoritos, y disfruta pescando con tus propios pesos hechos por ti mismo.<\/span><\/p>\n<p><span style=\"color: #3366ff;\">Moldes de plomos de inserci\u00f3n en aleaciones de aluminio de la m\u00e1s alta calidad para conseguir acabados brillantes hasta en los m\u00e1s m\u00ednimos detalles.<\/span><\/p>\n<p><span style=\"color: #3366ff;\">Todos nuestros moldes de insertables tienen un ajuste m\u00e9trico 6 para una presi\u00f3n correcta.<\/span><\/p>\n<p>&nbsp;<\/p>","protected":false},"excerpt":{"rendered":"<p class=\"translation-block\"><span style=\"color: #3366ff\"><strong>Peso Inserto 1GR,1.5GR,2GR<\/strong> -Moldes con 10 Cavidades para insertos de plomo perfectos para insertar en nuestros vinilos de pesca y darles un peso extra.<\/p>","protected":false},"featured_media":2582,"comment_status":"open","ping_status":"closed","template":"","meta":[],"product_brand":[],"product_cat":[29],"product_tag":[],"class_list":{"0":"post-1637","1":"product","2":"type-product","3":"status-publish","4":"has-post-thumbnail","6":"product_cat-jigs","8":"first","9":"instock","10":"taxable","11":"shipping-taxable","12":"purchasable","13":"product-type-variable"},"_links":{"self":[{"href":"https:\/\/softbaitsmolds.com\/es\/wp-json\/wp\/v2\/product\/1637","targetHints":{"allow":["GET"]}}],"collection":[{"href":"https:\/\/softbaitsmolds.com\/es\/wp-json\/wp\/v2\/product"}],"about":[{"href":"https:\/\/softbaitsmolds.com\/es\/wp-json\/wp\/v2\/types\/product"}],"replies":[{"embeddable":true,"href":"https:\/\/softbaitsmolds.com\/es\/wp-json\/wp\/v2\/comments?post=1637"}],"wp:featuredmedia":[{"embeddable":true,"href":"https:\/\/softbaitsmolds.com\/es\/wp-json\/wp\/v2\/media\/2582"}],"wp:attachment":[{"href":"https:\/\/softbaitsmolds.com\/es\/wp-json\/wp\/v2\/media?parent=1637"}],"wp:term":[{"taxonomy":"product_brand","embeddable":true,"href":"https:\/\/softbaitsmolds.com\/es\/wp-json\/wp\/v2\/product_brand?post=1637"},{"taxonomy":"product_cat","embeddable":true,"href":"https:\/\/softbaitsmolds.com\/es\/wp-json\/wp\/v2\/product_cat?post=1637"},{"taxonomy":"product_tag","embeddable":true,"href":"https:\/\/softbaitsmolds.com\/es\/wp-json\/wp\/v2\/product_tag?post=1637"}],"curies":[{"name":"wp","href":"https:\/\/api.w.org\/{rel}","templated":true}]}}