{"id":1632,"date":"2021-12-25T14:55:26","date_gmt":"2021-12-25T16:55:26","guid":{"rendered":"https:\/\/softbaitsmolds.com\/?post_type=product&#038;p=1632"},"modified":"2024-06-09T18:04:46","modified_gmt":"2024-06-09T20:04:46","slug":"big-tube","status":"publish","type":"product","link":"https:\/\/softbaitsmolds.com\/es\/big-tube\/","title":{"rendered":"BT BG Tube Body"},"content":{"rendered":"<p><span style=\"color: #3366ff;\">BaiTech Big Tube, Posiblemente uno de los mejores se\u00f1uelos para la pesca del Black Bass.<\/span><\/p>\n<p><span style=\"color: #3366ff;\">Haz tus propios Tubos para la pesca del black bass, dales el color, olor, sabor y consistencia que quieras para adaptarlo a tu escenario de pesca favorito, y disfruta pescando con tus propios vinilos hechos por ti mismo.<\/span><\/p>\n<blockquote><p><strong><span style=\"color: #3366ff;\">Este molde es para verter, no necesita inyectores, est\u00e1 dise\u00f1ado de esta manera para unir las faldas y el cuerpo de manera que el conjunto tenga una uni\u00f3n uniforme limpia y duradera, ya que las dos partes quedan perfectamente unidas. Tambi\u00e9n dispone de m\u00e9trica 6 para tensar las caras y facilitar el agarre de las aletas al verter el plastisol.<\/span><\/strong><\/p><\/blockquote>\n<p><span style=\"color: #800000;\"><strong><a style=\"color: #800000;\" href=\"https:\/\/softbaitsmolds.com\/es\/skirt-ft-tube-3-6\/\">Se necesita el molde de faldas para terminar el vinilo.<\/a><\/strong><\/span><\/p>\n<p><span style=\"color: #3366ff;\">Nuestros moldes de tubos de vinilo est\u00e1n mecanizados en aleaciones de aluminio de la m\u00e1s alta calidad para lograr acabados brillantes hasta en los m\u00e1s m\u00ednimos detalles.<\/span><\/p>\n<p><span style=\"color: #3366ff;\">Las boquillas de inyecci\u00f3n est\u00e1n dise\u00f1adas para todo tipo de inyectoras del mercado, tanto europeas como americanas, ya que este tipo de inyector tiene una medida estandarizada.<\/span><\/p>\n<p>&nbsp;<\/p>","protected":false},"excerpt":{"rendered":"<p class=\"translation-block\"><strong>BIG Tube<\/strong>, Posiblemente uno de los mejores se\u00f1uelos para la pesca del Black Bass.<\/p>","protected":false},"featured_media":2167,"comment_status":"open","ping_status":"closed","template":"","meta":[],"product_brand":[],"product_cat":[19],"product_tag":[],"class_list":{"0":"post-1632","1":"product","2":"type-product","3":"status-publish","4":"has-post-thumbnail","6":"product_cat-craw","7":"pa_cavidades-34","8":"pa_cavidades-37","9":"pa_cavidades-95","11":"first","12":"instock","13":"taxable","14":"shipping-taxable","15":"purchasable","16":"product-type-variable"},"_links":{"self":[{"href":"https:\/\/softbaitsmolds.com\/es\/wp-json\/wp\/v2\/product\/1632","targetHints":{"allow":["GET"]}}],"collection":[{"href":"https:\/\/softbaitsmolds.com\/es\/wp-json\/wp\/v2\/product"}],"about":[{"href":"https:\/\/softbaitsmolds.com\/es\/wp-json\/wp\/v2\/types\/product"}],"replies":[{"embeddable":true,"href":"https:\/\/softbaitsmolds.com\/es\/wp-json\/wp\/v2\/comments?post=1632"}],"wp:featuredmedia":[{"embeddable":true,"href":"https:\/\/softbaitsmolds.com\/es\/wp-json\/wp\/v2\/media\/2167"}],"wp:attachment":[{"href":"https:\/\/softbaitsmolds.com\/es\/wp-json\/wp\/v2\/media?parent=1632"}],"wp:term":[{"taxonomy":"product_brand","embeddable":true,"href":"https:\/\/softbaitsmolds.com\/es\/wp-json\/wp\/v2\/product_brand?post=1632"},{"taxonomy":"product_cat","embeddable":true,"href":"https:\/\/softbaitsmolds.com\/es\/wp-json\/wp\/v2\/product_cat?post=1632"},{"taxonomy":"product_tag","embeddable":true,"href":"https:\/\/softbaitsmolds.com\/es\/wp-json\/wp\/v2\/product_tag?post=1632"}],"curies":[{"name":"wp","href":"https:\/\/api.w.org\/{rel}","templated":true}]}}