{"id":1109,"date":"2021-12-14T18:03:56","date_gmt":"2021-12-14T20:03:56","guid":{"rendered":"https:\/\/softbaitsmolds.com\/?post_type=product&#038;p=1109"},"modified":"2023-08-13T07:25:25","modified_gmt":"2023-08-13T09:25:25","slug":"drop-shot-fix","status":"publish","type":"product","link":"https:\/\/softbaitsmolds.com\/es\/drop-shot-fix\/","title":{"rendered":"Finesse Fix 3&#8217;83&#8221; ( 6 Cavidades)"},"content":{"rendered":"<p class=\"translation-block\"><span style=\"color: #000000\"><strong>BaiTech Finesse Fix 3\u201983\u201d, Mold (6 cavidades) \u2013<\/strong> Es un peque\u00f1o jerkbait perfecto para t\u00e9cnicas drop shot y finesse.<\/span><\/p>\n<p><span style=\"color: #3366ff;\">Haz tus propios stick baits de pesca, dales el color, el olor, el sabor y la consistencia que quieras para que se adapten a tu escenario de pesca favorito, y disfruta pescando con tus propios palos hechos por ti mismo.<\/span><\/p>\n<p><img loading=\"lazy\" decoding=\"async\" class=\"wp-image-2220 alignnone\" src=\"https:\/\/softbaitsmolds.com\/wp-content\/uploads\/2021\/12\/WhatsApp-Image-2022-06-27-at-7.23.38-PM-300x200.webp\" alt=\"\" width=\"486\" height=\"324\" srcset=\"https:\/\/softbaitsmolds.com\/wp-content\/uploads\/2021\/12\/WhatsApp-Image-2022-06-27-at-7.23.38-PM-300x200.webp 300w, https:\/\/softbaitsmolds.com\/wp-content\/uploads\/2021\/12\/WhatsApp-Image-2022-06-27-at-7.23.38-PM-150x100.webp 150w, https:\/\/softbaitsmolds.com\/wp-content\/uploads\/2021\/12\/WhatsApp-Image-2022-06-27-at-7.23.38-PM-800x533.webp 800w, https:\/\/softbaitsmolds.com\/wp-content\/uploads\/2021\/12\/WhatsApp-Image-2022-06-27-at-7.23.38-PM-1024x683.webp 1024w, https:\/\/softbaitsmolds.com\/wp-content\/uploads\/2021\/12\/WhatsApp-Image-2022-06-27-at-7.23.38-PM-768x512.webp 768w, https:\/\/softbaitsmolds.com\/wp-content\/uploads\/2021\/12\/WhatsApp-Image-2022-06-27-at-7.23.38-PM-1536x1024.webp 1536w, https:\/\/softbaitsmolds.com\/wp-content\/uploads\/2021\/12\/WhatsApp-Image-2022-06-27-at-7.23.38-PM-18x12.webp 18w, https:\/\/softbaitsmolds.com\/wp-content\/uploads\/2021\/12\/WhatsApp-Image-2022-06-27-at-7.23.38-PM-1320x880.webp 1320w, https:\/\/softbaitsmolds.com\/wp-content\/uploads\/2021\/12\/WhatsApp-Image-2022-06-27-at-7.23.38-PM-600x400.webp 600w, https:\/\/softbaitsmolds.com\/wp-content\/uploads\/2021\/12\/WhatsApp-Image-2022-06-27-at-7.23.38-PM.webp 2048w\" sizes=\"auto, (max-width: 486px) 100vw, 486px\" \/><\/p>\n<p><span style=\"color: #3366ff;\">Nuestros moldes de vinilo para jerkbait est\u00e1n mecanizados con aleaciones de aluminio de la m\u00e1s alta calidad para lograr acabados brillantes incluso en los detalles m\u00e1s peque\u00f1os.<\/span><\/p>\n<p><span style=\"color: #3366ff;\">Todos nuestros moldes de jerkbait disponen de un sistema de expulsi\u00f3n de aire para que el vinilo quede completamente acabado y libre de burbujas de aire en su interior, con fijaciones de M\u00e9trica 6 para una correcta presi\u00f3n a la hora de inyectar el plastisol.<\/span><\/p>\n<p><span style=\"color: #3366ff;\">Las boquillas de inyecci\u00f3n est\u00e1n dise\u00f1adas para todo tipo de inyectoras del mercado, tanto europeas como americanas, ya que este tipo de inyector tiene una medida estandarizada.<\/span><\/p>\n<p>&nbsp;<\/p>\n<p>&nbsp;<\/p>\n<p>&nbsp;<\/p>","protected":false},"excerpt":{"rendered":"<p class=\"translation-block\"><span style=\"color: #000000\"><strong>BaiTech Finesse Fix 3\u201983\u201d, Mold (6 cavidades) \u2013<\/strong> Es un peque\u00f1o jerkbait perfecto para t\u00e9cnicas drop shot y finesse.<\/span><\/p>","protected":false},"featured_media":4247,"comment_status":"open","ping_status":"closed","template":"","meta":[],"product_brand":[],"product_cat":[21,20],"product_tag":[],"class_list":{"0":"post-1109","1":"product","2":"type-product","3":"status-publish","4":"has-post-thumbnail","6":"product_cat-finesse","7":"product_cat-jerkbait","9":"first","10":"instock","11":"taxable","12":"shipping-taxable","13":"purchasable","14":"product-type-simple"},"_links":{"self":[{"href":"https:\/\/softbaitsmolds.com\/es\/wp-json\/wp\/v2\/product\/1109","targetHints":{"allow":["GET"]}}],"collection":[{"href":"https:\/\/softbaitsmolds.com\/es\/wp-json\/wp\/v2\/product"}],"about":[{"href":"https:\/\/softbaitsmolds.com\/es\/wp-json\/wp\/v2\/types\/product"}],"replies":[{"embeddable":true,"href":"https:\/\/softbaitsmolds.com\/es\/wp-json\/wp\/v2\/comments?post=1109"}],"wp:featuredmedia":[{"embeddable":true,"href":"https:\/\/softbaitsmolds.com\/es\/wp-json\/wp\/v2\/media\/4247"}],"wp:attachment":[{"href":"https:\/\/softbaitsmolds.com\/es\/wp-json\/wp\/v2\/media?parent=1109"}],"wp:term":[{"taxonomy":"product_brand","embeddable":true,"href":"https:\/\/softbaitsmolds.com\/es\/wp-json\/wp\/v2\/product_brand?post=1109"},{"taxonomy":"product_cat","embeddable":true,"href":"https:\/\/softbaitsmolds.com\/es\/wp-json\/wp\/v2\/product_cat?post=1109"},{"taxonomy":"product_tag","embeddable":true,"href":"https:\/\/softbaitsmolds.com\/es\/wp-json\/wp\/v2\/product_tag?post=1109"}],"curies":[{"name":"wp","href":"https:\/\/api.w.org\/{rel}","templated":true}]}}